{"id":5068,"date":"2023-10-05T09:07:49","date_gmt":"2023-10-05T07:07:49","guid":{"rendered":"https:\/\/www.terakalis.com\/demonstration\/"},"modified":"2025-02-12T11:39:34","modified_gmt":"2025-02-12T09:39:34","slug":"demonstration","status":"publish","type":"page","link":"https:\/\/www.terakalis.com\/de\/demonstration\/","title":{"rendered":"DEMONSTRATION"},"content":{"rendered":"<div class=\"fusion-fullwidth fullwidth-box fusion-builder-row-1 fusion-flex-container has-pattern-background has-mask-background nonhundred-percent-fullwidth non-hundred-percent-height-scrolling\" style=\"--awb-border-radius-top-left:0px;--awb-border-radius-top-right:0px;--awb-border-radius-bottom-right:0px;--awb-border-radius-bottom-left:0px;--awb-padding-top:26px;--awb-padding-bottom:0px;--awb-margin-bottom:0px;--awb-flex-wrap:wrap;\" ><div class=\"fusion-builder-row fusion-row fusion-flex-align-items-flex-start fusion-flex-content-wrap\" style=\"max-width:1872px;margin-left: calc(-4% \/ 2 );margin-right: calc(-4% \/ 2 );\"><div class=\"fusion-layout-column fusion_builder_column fusion-builder-column-0 fusion_builder_column_1_4 1_4 fusion-flex-column\" style=\"--awb-bg-size:cover;--awb-width-large:25%;--awb-margin-top-large:0px;--awb-spacing-right-large:7.68%;--awb-margin-bottom-large:20px;--awb-spacing-left-large:7.68%;--awb-width-medium:100%;--awb-order-medium:0;--awb-spacing-right-medium:1.92%;--awb-spacing-left-medium:1.92%;--awb-width-small:100%;--awb-order-small:0;--awb-spacing-right-small:1.92%;--awb-spacing-left-small:1.92%;\"><div class=\"fusion-column-wrapper fusion-column-has-shadow fusion-flex-justify-content-flex-start fusion-content-layout-column\"><\/div><\/div><div class=\"fusion-layout-column fusion_builder_column fusion-builder-column-1 fusion_builder_column_1_2 1_2 fusion-flex-column\" style=\"--awb-bg-size:cover;--awb-width-large:50%;--awb-margin-top-large:0px;--awb-spacing-right-large:3.84%;--awb-margin-bottom-large:0px;--awb-spacing-left-large:3.84%;--awb-width-medium:100%;--awb-order-medium:0;--awb-spacing-right-medium:1.92%;--awb-spacing-left-medium:1.92%;--awb-width-small:100%;--awb-order-small:0;--awb-spacing-right-small:1.92%;--awb-spacing-left-small:1.92%;\" data-scroll-devices=\"small-visibility,medium-visibility,large-visibility\"><div class=\"fusion-column-wrapper fusion-column-has-shadow fusion-flex-justify-content-flex-start fusion-content-layout-column\"><div class=\"fusion-title title fusion-title-1 fusion-sep-none fusion-title-center fusion-title-text fusion-title-size-one\" style=\"--awb-text-color:#ffffff;--awb-font-size:30px;\"><h1 class=\"fusion-title-heading title-heading-center fusion-responsive-typography-calculated\" style=\"font-family:&quot;Roboto&quot;;font-style:normal;font-weight:400;margin:0;font-size:1em;--fontSize:30;line-height:1.4;\">IHRE ANWENDUNG BEST\u00c4TIGEN<\/h1><\/div><div class=\"fusion-separator\" style=\"align-self: center;margin-left: auto;margin-right: auto;margin-bottom:20px;width:100%;max-width:200px;\"><div class=\"fusion-separator-border sep-single sep-solid\" style=\"--awb-height:20px;--awb-amount:20px;--awb-sep-color:#0bbcff;border-color:#0bbcff;border-top-width:10px;\"><\/div><\/div><div class=\"fusion-form fusion-form-builder fusion-form-form-wrapper fusion-form-8082 has-icon-alignment\" style=\"--awb-tooltip-text-color:#ffffff;--awb-tooltip-background-color:#333333;--awb-form-bg-color:rgba(255,255,255,0);--awb-form-select-bg:var(--awb-color8);--awb-form-placeholder-color:#ffffff;--awb-form-text-color:#fffcfc;--awb-form-label-color:#ffffff;--awb-form-border-width-top:2px;--awb-form-border-width-bottom:2px;--awb-form-border-width-right:2px;--awb-form-border-width-left:2px;--awb-form-border-color:#ffffff;--awb-form-focus-border-color:#ffffff;--awb-form-focus-border-hover-color:rgba(255,255,255,0.5);--awb-form-border-radius:2px;--awb-icon-alignment-top:2px;--awb-icon-alignment-bottom:2px;--awb-icon-alignment-font-size:1em;\" data-form-id=\"8082\" data-config=\"{&quot;form_id&quot;:8082,&quot;form_post_id&quot;:8082,&quot;post_id&quot;:5068,&quot;form_type&quot;:&quot;ajax&quot;,&quot;confirmation_type&quot;:&quot;message&quot;,&quot;redirect_url&quot;:&quot;&quot;,&quot;field_labels&quot;:{&quot;typemateriaux&quot;:&quot;&quot;,&quot;application&quot;:&quot;&quot;,&quot;problematique&quot;:&quot;&quot;,&quot;societe&quot;:&quot;&quot;,&quot;nom&quot;:&quot;&quot;,&quot;ville&quot;:&quot;&quot;,&quot;prenom&quot;:&quot;&quot;,&quot;email_address&quot;:&quot;&quot;,&quot;phone_number&quot;:&quot;&quot;,&quot;validationDE&quot;:&quot;&quot;},&quot;field_logics&quot;:{&quot;typemateriaux&quot;:&quot;&quot;,&quot;application&quot;:&quot;&quot;,&quot;problematique&quot;:&quot;&quot;,&quot;societe&quot;:&quot;&quot;,&quot;nom&quot;:&quot;&quot;,&quot;ville&quot;:&quot;&quot;,&quot;prenom&quot;:&quot;&quot;,&quot;email_address&quot;:&quot;&quot;,&quot;phone_number&quot;:&quot;&quot;,&quot;validationDE&quot;:&quot;&quot;,&quot;notice_1&quot;:&quot;&quot;},&quot;field_types&quot;:{&quot;typemateriaux&quot;:&quot;select&quot;,&quot;application&quot;:&quot;textarea&quot;,&quot;problematique&quot;:&quot;textarea&quot;,&quot;societe&quot;:&quot;text&quot;,&quot;nom&quot;:&quot;text&quot;,&quot;ville&quot;:&quot;text&quot;,&quot;prenom&quot;:&quot;text&quot;,&quot;email_address&quot;:&quot;email&quot;,&quot;phone_number&quot;:&quot;phone_number&quot;,&quot;validationDE&quot;:&quot;checkbox&quot;,&quot;notice_1&quot;:&quot;notice&quot;,&quot;submit_1&quot;:&quot;submit&quot;},&quot;nonce_method&quot;:&quot;ajax&quot;}\"><form action=\"https:\/\/www.terakalis.com\/de\/demonstration\/\" method=\"post\" class=\"fusion-form fusion-form-8082\"><div class=\"fusion-fullwidth fullwidth-box fusion-builder-row-1-1 fusion-flex-container nonhundred-percent-fullwidth non-hundred-percent-height-scrolling\" style=\"--link_hover_color: #f79000;--awb-border-sizes-top:0px;--awb-border-sizes-bottom:0px;--awb-border-sizes-left:0px;--awb-border-sizes-right:0px;--awb-border-radius-top-left:0px;--awb-border-radius-top-right:0px;--awb-border-radius-bottom-right:0px;--awb-border-radius-bottom-left:0px;--awb-padding-top:0px;--awb-padding-right:0px;--awb-padding-bottom:0px;--awb-padding-left:0px;--awb-margin-top:0px;--awb-margin-bottom:0px;--awb-flex-wrap:wrap;\" ><div class=\"fusion-builder-row fusion-row fusion-flex-align-items-flex-start fusion-flex-content-wrap\" style=\"width:104% !important;max-width:104% !important;margin-left: calc(-4% \/ 2 );margin-right: calc(-4% \/ 2 );\"><div class=\"fusion-layout-column fusion_builder_column fusion-builder-column-2 fusion_builder_column_1_1 1_1 fusion-flex-column\" style=\"--awb-bg-size:cover;--awb-width-large:100%;--awb-margin-top-large:0px;--awb-spacing-right-large:1.92%;--awb-margin-bottom-large:0px;--awb-spacing-left-large:1.92%;--awb-width-medium:100%;--awb-order-medium:0;--awb-spacing-right-medium:1.92%;--awb-spacing-left-medium:1.92%;--awb-width-small:100%;--awb-order-small:0;--awb-spacing-right-small:1.92%;--awb-spacing-left-small:1.92%;\"><div class=\"fusion-column-wrapper fusion-column-has-shadow fusion-flex-justify-content-flex-start fusion-content-layout-column\"><div class=\"fusion-form-field fusion-form-select-field fusion-form-label-above\" style=\"\" data-form-id=\"8082\"><div class=\"fusion-select-wrapper\"><select data-empty-notice=\"Diese Eingabe ist obligatorisch\" tabindex=\"\" id=\"typemateriaux\" name=\"typemateriaux\" class=\"fusion-form-input\" required=\"true\" aria-required=\"true\" data-holds-private-data=\"false\"><option value=\"\" disabled selected>Art der Materialien<\/option><option value=\"Polymer\" >Polymer<\/option><option value=\"Keramik\" >Keramik<\/option><option value=\"Metalle\" >Metalle<\/option><option value=\"Verbundstoffe\" >Verbundstoffe<\/option><option value=\"Mehrschichtig\" >Mehrschichtig<\/option><\/select><div class=\"select-arrow\"><svg width=\"12\" height=\"8\" viewBox=\"0 0 12 8\" fill=\"none\" xmlns=\"http:\/\/www.w3.org\/2000\/svg\"> <path d=\"M1.5 1.75L6 6.25L10.5 1.75\" stroke=\"#6D6D6D\" stroke-width=\"2\" stroke-linecap=\"round\" stroke-linejoin=\"round\"\/> <\/svg><\/div><\/div><\/div><div class=\"fusion-form-field fusion-form-textarea-field fusion-form-label-above\" style=\"\" data-form-id=\"8082\"><textarea cols=\"40\" data-empty-notice=\"Diese Eingabe ist obligatorisch\"  minlength=\"0\"  rows=\"4\" tabindex=\"\" id=\"application\" name=\"application\" class=\"fusion-form-input\" required=\"true\" aria-required=\"true\" placeholder=\"Anwendung*\" data-holds-private-data=\"false\"><\/textarea><\/div><div class=\"fusion-form-field fusion-form-textarea-field fusion-form-label-above\" style=\"\" data-form-id=\"8082\"><textarea cols=\"40\" data-empty-notice=\"Diese Eingabe ist obligatorisch\"  minlength=\"0\"  rows=\"4\" tabindex=\"\" id=\"problematique\" name=\"problematique\" class=\"fusion-form-input\" required=\"true\" aria-required=\"true\" placeholder=\"Problematik*\" data-holds-private-data=\"false\"><\/textarea><\/div><\/div><\/div><div class=\"fusion-layout-column fusion_builder_column fusion-builder-column-3 fusion_builder_column_1_2 1_2 fusion-flex-column\" style=\"--awb-bg-size:cover;--awb-width-large:50%;--awb-margin-top-large:0px;--awb-spacing-right-large:3.84%;--awb-margin-bottom-large:0px;--awb-spacing-left-large:3.84%;--awb-width-medium:100%;--awb-order-medium:0;--awb-spacing-right-medium:1.92%;--awb-spacing-left-medium:1.92%;--awb-width-small:100%;--awb-order-small:0;--awb-spacing-right-small:1.92%;--awb-spacing-left-small:1.92%;\"><div class=\"fusion-column-wrapper fusion-column-has-shadow fusion-flex-justify-content-flex-start fusion-content-layout-column\"><div class=\"fusion-form-field fusion-form-text-field fusion-form-label-above\" style=\"\" data-form-id=\"8082\"><input type=\"text\"  data-empty-notice=\"Diese Eingabe ist obligatorisch\" name=\"societe\" id=\"societe\" value=\"\"  class=\"fusion-form-input\" required=\"true\" aria-required=\"true\" placeholder=\"Unternehmen*\" data-holds-private-data=\"false\" minlength=\"0\"\/><\/div><div class=\"fusion-form-field fusion-form-text-field fusion-form-label-above\" style=\"\" data-form-id=\"8082\"><input type=\"text\" name=\"nom\" id=\"nom\" value=\"\"  class=\"fusion-form-input\" placeholder=\"Name\" data-holds-private-data=\"false\" minlength=\"0\"\/><\/div><\/div><\/div><div class=\"fusion-layout-column fusion_builder_column fusion-builder-column-4 fusion_builder_column_1_2 1_2 fusion-flex-column\" style=\"--awb-bg-size:cover;--awb-width-large:50%;--awb-margin-top-large:0px;--awb-spacing-right-large:3.84%;--awb-margin-bottom-large:0px;--awb-spacing-left-large:3.84%;--awb-width-medium:100%;--awb-order-medium:0;--awb-spacing-right-medium:1.92%;--awb-spacing-left-medium:1.92%;--awb-width-small:100%;--awb-order-small:0;--awb-spacing-right-small:1.92%;--awb-spacing-left-small:1.92%;\"><div class=\"fusion-column-wrapper fusion-column-has-shadow fusion-flex-justify-content-flex-start fusion-content-layout-column\"><div class=\"fusion-form-field fusion-form-text-field fusion-form-label-above\" style=\"\" data-form-id=\"8082\"><input type=\"text\" name=\"ville\" id=\"ville\" value=\"\"  class=\"fusion-form-input\" placeholder=\"Stadt\" data-holds-private-data=\"false\" minlength=\"0\"\/><\/div><div class=\"fusion-form-field fusion-form-text-field fusion-form-label-above\" style=\"\" data-form-id=\"8082\"><input type=\"text\" name=\"prenom\" id=\"prenom\" value=\"\"  class=\"fusion-form-input\" placeholder=\"Vorname\" data-holds-private-data=\"false\" minlength=\"0\"\/><\/div><\/div><\/div><div class=\"fusion-layout-column fusion_builder_column fusion-builder-column-5 fusion_builder_column_1_1 1_1 fusion-flex-column\" style=\"--awb-bg-size:cover;--awb-width-large:100%;--awb-margin-top-large:0px;--awb-spacing-right-large:1.92%;--awb-margin-bottom-large:20px;--awb-spacing-left-large:1.92%;--awb-width-medium:100%;--awb-order-medium:0;--awb-spacing-right-medium:1.92%;--awb-spacing-left-medium:1.92%;--awb-width-small:100%;--awb-order-small:0;--awb-spacing-right-small:1.92%;--awb-spacing-left-small:1.92%;\"><div class=\"fusion-column-wrapper fusion-column-has-shadow fusion-flex-justify-content-flex-start fusion-content-layout-column\"><div class=\"fusion-form-field fusion-form-email-field fusion-form-label-above\" style=\"\" data-form-id=\"8082\"><input type=\"email\"  data-empty-notice=\"Diese Eingabe ist obligatorisch\" name=\"email_address\" id=\"email_address\" value=\"\"  class=\"fusion-form-input\" required=\"true\" aria-required=\"true\" placeholder=\"eMail*\" data-holds-private-data=\"false\"\/><\/div><div class=\"fusion-form-field fusion-form-phone-number-field fusion-form-label-above\" style=\"\" data-form-id=\"8082\"><input type=\"tel\" name=\"phone_number\" id=\"phone_number\" value=\"\"  class=\"fusion-form-input\" placeholder=\"Telefon\" data-holds-private-data=\"false\"\/><\/div><div class=\"fusion-form-field fusion-form-checkbox-field fusion-form-label-above\" style=\"\" data-form-id=\"8082\"><fieldset><div class=\"fusion-form-checkbox\"><input data-empty-notice=\"Bitte akzeptieren Sie die Bedingungen, um fortzufahren\" tabindex=\"\" id=\"checkbox-validationde-1-0\" type=\"checkbox\" value=\"Ich bin damit einverstanden, Informationen von der Firma zu erhalten.\" name=\"validationDE[]\" class=\"fusion-form-input\" required=\"true\" aria-required=\"true\" data-holds-private-data=\"false\"\/><label for=\"checkbox-validationde-1-0\">Ich bin damit einverstanden, Informationen von der Firma zu erhalten.<\/label><\/div><\/fieldset><\/div><div class=\"form-submission-notices data-notice_1\" id=\"fusion-notices-1\"><div class=\"fusion-alert alert success alert-success fusion-alert-center fusion-form-response fusion-form-response-success fusion-alert-capitalize awb-alert-native-link-color alert-dismissable awb-alert-close-boxed\" role=\"alert\"><div class=\"fusion-alert-content-wrapper\"><span class=\"alert-icon\"><i class=\"awb-icon-check-circle\" aria-hidden=\"true\"><\/i><\/span><span class=\"fusion-alert-content\">Vielen Dank f\u00fcr Ihre Nachricht. Es wurde gesendet<\/span><\/div><button type=\"button\" class=\"close toggle-alert\" data-dismiss=\"alert\" aria-label=\"Close\">&times;<\/button><\/div><div class=\"fusion-alert alert error alert-danger fusion-alert-center fusion-form-response fusion-form-response-error fusion-alert-capitalize awb-alert-native-link-color alert-dismissable awb-alert-close-boxed\" role=\"alert\"><div class=\"fusion-alert-content-wrapper\"><span class=\"alert-icon\"><i class=\"awb-icon-exclamation-triangle\" aria-hidden=\"true\"><\/i><\/span><span class=\"fusion-alert-content\">Kleiner Fehler im Verfahren.\nK\u00f6nnten Sie es sp\u00e4ter versuchen?<\/span><\/div><button type=\"button\" class=\"close toggle-alert\" data-dismiss=\"alert\" aria-label=\"Close\">&times;<\/button><\/div><\/div><div class=\"fusion-form-field fusion-form-submit-field fusion-form-label-above\" style=\"\" data-form-id=\"8082\"><div style=\"text-align:center;\"><button type=\"submit\" class=\"fusion-button button-flat button-xlarge button-custom fusion-button-default button-1 fusion-button-default-span  form-form-submit button-default fusion-has-button-gradient\" style=\"--button_accent_color:#ffffff;--button_accent_hover_color:#ffffff;--button_border_hover_color:#ffffff;--button_border_width-top:0px;--button_border_width-right:0px;--button_border_width-bottom:0px;--button_border_width-left:0px;--button_gradient_angle:142deg;--button_gradient_end:63%;--button_gradient_top_color:var(--awb-color8);--button_gradient_bottom_color:var(--awb-color7);--button_gradient_top_color_hover:var(--awb-color4);--button_gradient_bottom_color_hover:rgba(0,124,138,0.8);--button_text_transform:var(--awb-typography3-text-transform);--button_typography-letter-spacing:0px;--button_typography-font-family:&quot;Roboto&quot;;--button_typography-font-style:normal;--button_typography-font-weight:400;\" data-hover=\"icon_slide\" data-form-number=\"8082\" tabindex=\"\"><i class=\"fa-envelope-open-text fas button-icon-left\" aria-hidden=\"true\"><\/i><span class=\"fusion-button-text\">SENDEN<\/span><\/button><\/div><\/div><\/div><\/div><\/div><\/div><\/form><\/div><div class=\"fusion-text fusion-text-1\"><p>&nbsp;<\/p>\n<p>&nbsp;<\/p>\n<\/div><div class=\"fusion-text fusion-text-2\"><p><span style=\"color: #ffffff;\">Die in diesem Formular gesammelten Informationen werden in einer Computerdatei aufgezeichnet, damit wir Ihnen geeignete Inhalte zusenden k\u00f6nnen. Sie werden 3 Jahre lang aufbewahrt und sind f\u00fcr die Marketingabteilung bestimmt. Gem\u00e4\u00df dem Datenschutzgesetz k\u00f6nnen Sie Ihr Recht auf Auskunft \u00fcber die Sie betreffenden Daten aus\u00fcben und diese berichtigen lassen, indem Sie sich an uns wenden.<\/span><\/p>\n<\/div><\/div><\/div><div class=\"fusion-layout-column fusion_builder_column fusion-builder-column-6 fusion_builder_column_1_4 1_4 fusion-flex-column\" style=\"--awb-bg-size:cover;--awb-width-large:25%;--awb-margin-top-large:0px;--awb-spacing-right-large:7.68%;--awb-margin-bottom-large:20px;--awb-spacing-left-large:7.68%;--awb-width-medium:100%;--awb-order-medium:0;--awb-spacing-right-medium:1.92%;--awb-spacing-left-medium:1.92%;--awb-width-small:100%;--awb-order-small:0;--awb-spacing-right-small:1.92%;--awb-spacing-left-small:1.92%;\"><div class=\"fusion-column-wrapper fusion-column-has-shadow fusion-flex-justify-content-flex-start fusion-content-layout-column\"><\/div><\/div><\/div><\/div>\n","protected":false},"excerpt":{"rendered":"","protected":false},"author":1,"featured_media":0,"parent":0,"menu_order":0,"comment_status":"closed","ping_status":"closed","template":"","meta":{"footnotes":""},"class_list":["post-5068","page","type-page","status-publish","hentry"],"yoast_head":"<!-- This site is optimized with the Yoast SEO plugin v24.4 - https:\/\/yoast.com\/wordpress\/plugins\/seo\/ -->\n<title>DEMONSTRATION - Les Technologies TeraHertz par Terakalis<\/title>\n<meta name=\"description\" content=\"M\u00f6chten Sie mehr \u00fcber unsere Terahertz-L\u00f6sungen erfahren? Beschreiben Sie Ihre Anwendung in unserem Formular, und unsere Experten helfen Ihnen, die beste L\u00f6sung f\u00fcr Ihre Anforderungen zu finden.\" \/>\n<meta name=\"robots\" content=\"index, follow, max-snippet:-1, max-image-preview:large, max-video-preview:-1\" \/>\n<link rel=\"canonical\" href=\"https:\/\/www.terakalis.com\/de\/demonstration\/\" \/>\n<meta property=\"og:locale\" content=\"de_DE\" \/>\n<meta property=\"og:type\" content=\"article\" \/>\n<meta property=\"og:title\" content=\"DEMONSTRATION - Les Technologies TeraHertz par Terakalis\" \/>\n<meta property=\"og:description\" content=\"M\u00f6chten Sie mehr \u00fcber unsere Terahertz-L\u00f6sungen erfahren? Beschreiben Sie Ihre Anwendung in unserem Formular, und unsere Experten helfen Ihnen, die beste L\u00f6sung f\u00fcr Ihre Anforderungen zu finden.\" \/>\n<meta property=\"og:url\" content=\"https:\/\/www.terakalis.com\/de\/demonstration\/\" \/>\n<meta property=\"og:site_name\" content=\"Les Technologies TeraHertz par Terakalis\" \/>\n<meta property=\"article:modified_time\" content=\"2025-02-12T09:39:34+00:00\" \/>\n<meta name=\"twitter:card\" content=\"summary_large_image\" \/>\n<meta name=\"twitter:label1\" content=\"Gesch\u00e4tzte Lesezeit\" \/>\n\t<meta name=\"twitter:data1\" content=\"1\u00a0Minute\" \/>\n<script type=\"application\/ld+json\" class=\"yoast-schema-graph\">{\"@context\":\"https:\/\/schema.org\",\"@graph\":[{\"@type\":\"WebPage\",\"@id\":\"https:\/\/www.terakalis.com\/de\/demonstration\/\",\"url\":\"https:\/\/www.terakalis.com\/de\/demonstration\/\",\"name\":\"DEMONSTRATION - Les Technologies TeraHertz par Terakalis\",\"isPartOf\":{\"@id\":\"https:\/\/www.terakalis.com\/de\/#website\"},\"datePublished\":\"2023-10-05T07:07:49+00:00\",\"dateModified\":\"2025-02-12T09:39:34+00:00\",\"description\":\"M\u00f6chten Sie mehr \u00fcber unsere Terahertz-L\u00f6sungen erfahren? Beschreiben Sie Ihre Anwendung in unserem Formular, und unsere Experten helfen Ihnen, die beste L\u00f6sung f\u00fcr Ihre Anforderungen zu finden.\",\"breadcrumb\":{\"@id\":\"https:\/\/www.terakalis.com\/de\/demonstration\/#breadcrumb\"},\"inLanguage\":\"de\",\"potentialAction\":[{\"@type\":\"ReadAction\",\"target\":[\"https:\/\/www.terakalis.com\/de\/demonstration\/\"]}]},{\"@type\":\"BreadcrumbList\",\"@id\":\"https:\/\/www.terakalis.com\/de\/demonstration\/#breadcrumb\",\"itemListElement\":[{\"@type\":\"ListItem\",\"position\":1,\"name\":\"Accueil\",\"item\":\"https:\/\/www.terakalis.com\/de\/\"},{\"@type\":\"ListItem\",\"position\":2,\"name\":\"DEMONSTRATION\"}]},{\"@type\":\"WebSite\",\"@id\":\"https:\/\/www.terakalis.com\/de\/#website\",\"url\":\"https:\/\/www.terakalis.com\/de\/\",\"name\":\"Les Technologies TeraHertz par Terakalis\",\"description\":\"Analyse et contr\u00f4le au coeur de la mati\u00e8re\",\"potentialAction\":[{\"@type\":\"SearchAction\",\"target\":{\"@type\":\"EntryPoint\",\"urlTemplate\":\"https:\/\/www.terakalis.com\/de\/?s={search_term_string}\"},\"query-input\":{\"@type\":\"PropertyValueSpecification\",\"valueRequired\":true,\"valueName\":\"search_term_string\"}}],\"inLanguage\":\"de\"}]}<\/script>\n<!-- \/ Yoast SEO plugin. -->","yoast_head_json":{"title":"DEMONSTRATION - Les Technologies TeraHertz par Terakalis","description":"M\u00f6chten Sie mehr \u00fcber unsere Terahertz-L\u00f6sungen erfahren? Beschreiben Sie Ihre Anwendung in unserem Formular, und unsere Experten helfen Ihnen, die beste L\u00f6sung f\u00fcr Ihre Anforderungen zu finden.","robots":{"index":"index","follow":"follow","max-snippet":"max-snippet:-1","max-image-preview":"max-image-preview:large","max-video-preview":"max-video-preview:-1"},"canonical":"https:\/\/www.terakalis.com\/de\/demonstration\/","og_locale":"de_DE","og_type":"article","og_title":"DEMONSTRATION - Les Technologies TeraHertz par Terakalis","og_description":"M\u00f6chten Sie mehr \u00fcber unsere Terahertz-L\u00f6sungen erfahren? Beschreiben Sie Ihre Anwendung in unserem Formular, und unsere Experten helfen Ihnen, die beste L\u00f6sung f\u00fcr Ihre Anforderungen zu finden.","og_url":"https:\/\/www.terakalis.com\/de\/demonstration\/","og_site_name":"Les Technologies TeraHertz par Terakalis","article_modified_time":"2025-02-12T09:39:34+00:00","twitter_card":"summary_large_image","twitter_misc":{"Gesch\u00e4tzte Lesezeit":"1\u00a0Minute"},"schema":{"@context":"https:\/\/schema.org","@graph":[{"@type":"WebPage","@id":"https:\/\/www.terakalis.com\/de\/demonstration\/","url":"https:\/\/www.terakalis.com\/de\/demonstration\/","name":"DEMONSTRATION - Les Technologies TeraHertz par Terakalis","isPartOf":{"@id":"https:\/\/www.terakalis.com\/de\/#website"},"datePublished":"2023-10-05T07:07:49+00:00","dateModified":"2025-02-12T09:39:34+00:00","description":"M\u00f6chten Sie mehr \u00fcber unsere Terahertz-L\u00f6sungen erfahren? Beschreiben Sie Ihre Anwendung in unserem Formular, und unsere Experten helfen Ihnen, die beste L\u00f6sung f\u00fcr Ihre Anforderungen zu finden.","breadcrumb":{"@id":"https:\/\/www.terakalis.com\/de\/demonstration\/#breadcrumb"},"inLanguage":"de","potentialAction":[{"@type":"ReadAction","target":["https:\/\/www.terakalis.com\/de\/demonstration\/"]}]},{"@type":"BreadcrumbList","@id":"https:\/\/www.terakalis.com\/de\/demonstration\/#breadcrumb","itemListElement":[{"@type":"ListItem","position":1,"name":"Accueil","item":"https:\/\/www.terakalis.com\/de\/"},{"@type":"ListItem","position":2,"name":"DEMONSTRATION"}]},{"@type":"WebSite","@id":"https:\/\/www.terakalis.com\/de\/#website","url":"https:\/\/www.terakalis.com\/de\/","name":"Les Technologies TeraHertz par Terakalis","description":"Analyse et contr\u00f4le au coeur de la mati\u00e8re","potentialAction":[{"@type":"SearchAction","target":{"@type":"EntryPoint","urlTemplate":"https:\/\/www.terakalis.com\/de\/?s={search_term_string}"},"query-input":{"@type":"PropertyValueSpecification","valueRequired":true,"valueName":"search_term_string"}}],"inLanguage":"de"}]}},"_links":{"self":[{"href":"https:\/\/www.terakalis.com\/de\/wp-json\/wp\/v2\/pages\/5068","targetHints":{"allow":["GET"]}}],"collection":[{"href":"https:\/\/www.terakalis.com\/de\/wp-json\/wp\/v2\/pages"}],"about":[{"href":"https:\/\/www.terakalis.com\/de\/wp-json\/wp\/v2\/types\/page"}],"author":[{"embeddable":true,"href":"https:\/\/www.terakalis.com\/de\/wp-json\/wp\/v2\/users\/1"}],"replies":[{"embeddable":true,"href":"https:\/\/www.terakalis.com\/de\/wp-json\/wp\/v2\/comments?post=5068"}],"version-history":[{"count":42,"href":"https:\/\/www.terakalis.com\/de\/wp-json\/wp\/v2\/pages\/5068\/revisions"}],"predecessor-version":[{"id":8655,"href":"https:\/\/www.terakalis.com\/de\/wp-json\/wp\/v2\/pages\/5068\/revisions\/8655"}],"wp:attachment":[{"href":"https:\/\/www.terakalis.com\/de\/wp-json\/wp\/v2\/media?parent=5068"}],"curies":[{"name":"wp","href":"https:\/\/api.w.org\/{rel}","templated":true}]}}