{"id":4491,"date":"2022-08-10T11:44:27","date_gmt":"2022-08-10T09:44:27","guid":{"rendered":"https:\/\/www.terakalis.com\/produktion-new\/"},"modified":"2025-02-13T17:57:54","modified_gmt":"2025-02-13T15:57:54","slug":"labor","status":"publish","type":"page","link":"https:\/\/www.terakalis.com\/de\/labor\/","title":{"rendered":"LABOR"},"content":{"rendered":"<p><div class=\"fusion-fullwidth fullwidth-box fusion-builder-row-1 fusion-flex-container has-pattern-background has-mask-background nonhundred-percent-fullwidth non-hundred-percent-height-scrolling\" style=\"--awb-border-radius-top-left:0px;--awb-border-radius-top-right:0px;--awb-border-radius-bottom-right:0px;--awb-border-radius-bottom-left:0px;--awb-padding-top:26px;--awb-padding-bottom:0px;--awb-margin-bottom:0px;--awb-flex-wrap:wrap;\" ><div class=\"fusion-builder-row fusion-row fusion-flex-align-items-flex-start fusion-flex-content-wrap\" style=\"max-width:1872px;margin-left: calc(-4% \/ 2 );margin-right: calc(-4% \/ 2 );\"><div class=\"fusion-layout-column fusion_builder_column fusion-builder-column-0 fusion_builder_column_1_1 1_1 fusion-flex-column\" style=\"--awb-bg-size:cover;--awb-width-large:100%;--awb-margin-top-large:0px;--awb-spacing-right-large:1.92%;--awb-margin-bottom-large:-70px;--awb-spacing-left-large:1.92%;--awb-width-medium:100%;--awb-order-medium:0;--awb-spacing-right-medium:1.92%;--awb-spacing-left-medium:1.92%;--awb-width-small:100%;--awb-order-small:0;--awb-spacing-right-small:1.92%;--awb-spacing-left-small:1.92%;\"><div class=\"fusion-column-wrapper fusion-column-has-shadow fusion-flex-justify-content-flex-start fusion-content-layout-column\"><div class=\"fusion-title title fusion-title-1 fusion-sep-none fusion-title-center fusion-title-text fusion-title-size-one\" style=\"--awb-text-color:#ffffff;--awb-link-color:#ffffff;--awb-link-hover-color:#0bbcff;--awb-font-size:30px;\"><h1 class=\"fusion-title-heading title-heading-center fusion-responsive-typography-calculated\" style=\"font-family:&quot;Roboto&quot;;font-style:normal;font-weight:400;margin:0;font-size:1em;--fontSize:30;line-height:1.4;\"><a href=\"https:\/\/www.terakalis.com\/industrie-4-0\/\" class=\"awb-custom-text-color awb-custom-text-hover-color\" target=\"_self\">LABOR<\/a><\/h1><\/div><div class=\"fusion-separator\" style=\"align-self: center;margin-left: auto;margin-right: auto;margin-top:-20px;margin-bottom:20px;width:100%;max-width:200px;\"><div class=\"fusion-separator-border sep-single sep-solid\" style=\"--awb-height:20px;--awb-amount:20px;--awb-sep-color:#0bbcff;border-color:#0bbcff;border-top-width:10px;\"><\/div><\/div><div class=\"fusion-title title fusion-title-2 fusion-sep-none fusion-title-text fusion-title-size-one\" style=\"--awb-text-color:#ffffff;--awb-margin-top:20px;--awb-font-size:20px;\"><h1 class=\"fusion-title-heading title-heading-left fusion-responsive-typography-calculated\" style=\"font-family:&quot;Roboto&quot;;font-style:normal;font-weight:400;margin:0;font-size:1em;--fontSize:20;--minFontSize:20;line-height:1.4;\"><span style=\"font-family: Roboto; font-weight: 400;\" data-fusion-font=\"true\" data-fusion-google-font=\"Roboto\" data-fusion-google-variant=\"400\"><br \/>\n<span style=\"font-size: 20px;\" data-fusion-font=\"true\">Das TK-Lab ist eine multimodale, skalierbare Einrichtung, die f\u00fcr das Verst\u00e4ndnis und die Entwicklung neuer Verfahren und Materialien entwickelt wurde. <\/span><\/span><br \/>\n<span style=\"font-family: Roboto; font-weight: 400;\" data-fusion-font=\"true\" data-fusion-google-font=\"Roboto\" data-fusion-google-variant=\"400\"><br \/>\n<\/span><\/h1><\/div><div class=\"fusion-builder-row fusion-builder-row-inner fusion-row fusion-flex-align-items-flex-start fusion-flex-content-wrap\" style=\"width:104% !important;max-width:104% !important;margin-left: calc(-4% \/ 2 );margin-right: calc(-4% \/ 2 );\"><div class=\"fusion-layout-column fusion_builder_column_inner fusion-builder-nested-column-0 fusion_builder_column_inner_1_4 1_4 fusion-flex-column\" style=\"--awb-bg-size:cover;--awb-width-large:25%;--awb-margin-top-large:0px;--awb-spacing-right-large:7.68%;--awb-margin-bottom-large:20px;--awb-spacing-left-large:7.68%;--awb-width-medium:100%;--awb-order-medium:0;--awb-spacing-right-medium:1.92%;--awb-spacing-left-medium:1.92%;--awb-width-small:100%;--awb-order-small:0;--awb-spacing-right-small:1.92%;--awb-spacing-left-small:1.92%;\"><div class=\"fusion-column-wrapper fusion-column-has-shadow fusion-flex-justify-content-flex-start fusion-content-layout-column\"><\/div><\/div><div class=\"fusion-layout-column fusion_builder_column_inner fusion-builder-nested-column-1 fusion_builder_column_inner_1_2 1_2 fusion-flex-column\" style=\"--awb-bg-size:cover;--awb-width-large:50%;--awb-margin-top-large:0px;--awb-spacing-right-large:3.84%;--awb-margin-bottom-large:20px;--awb-spacing-left-large:3.84%;--awb-width-medium:100%;--awb-order-medium:0;--awb-spacing-right-medium:1.92%;--awb-spacing-left-medium:1.92%;--awb-width-small:100%;--awb-order-small:0;--awb-spacing-right-small:1.92%;--awb-spacing-left-small:1.92%;\"><div class=\"fusion-column-wrapper fusion-column-has-shadow fusion-flex-justify-content-flex-start fusion-content-layout-column\"><div class=\"fusion-image-element \" style=\"text-align:center;--awb-max-width:800px;--awb-caption-title-font-family:var(--h2_typography-font-family);--awb-caption-title-font-weight:var(--h2_typography-font-weight);--awb-caption-title-font-style:var(--h2_typography-font-style);--awb-caption-title-size:var(--h2_typography-font-size);--awb-caption-title-transform:var(--h2_typography-text-transform);--awb-caption-title-line-height:var(--h2_typography-line-height);--awb-caption-title-letter-spacing:var(--h2_typography-letter-spacing);\"><span class=\" fusion-imageframe imageframe-glow imageframe-1 hover-type-none\" style=\"-webkit-box-shadow: 0 0 45px rgba(209,209,209,0.3);box-shadow: 0 0 45px rgba(209,209,209,0.3);\"><img decoding=\"async\" width=\"1920\" height=\"1080\" title=\"Extrait-Video-LAB-EN\" src=\"https:\/\/www.terakalis.com\/wp-content\/uploads\/2024\/05\/Extrait-Video-LAB-EN-1.png\" alt class=\"img-responsive wp-image-7420\" srcset=\"https:\/\/www.terakalis.com\/wp-content\/uploads\/2024\/05\/Extrait-Video-LAB-EN-1-200x113.png 200w, https:\/\/www.terakalis.com\/wp-content\/uploads\/2024\/05\/Extrait-Video-LAB-EN-1-400x225.png 400w, https:\/\/www.terakalis.com\/wp-content\/uploads\/2024\/05\/Extrait-Video-LAB-EN-1-600x338.png 600w, https:\/\/www.terakalis.com\/wp-content\/uploads\/2024\/05\/Extrait-Video-LAB-EN-1-800x450.png 800w, https:\/\/www.terakalis.com\/wp-content\/uploads\/2024\/05\/Extrait-Video-LAB-EN-1-1200x675.png 1200w, https:\/\/www.terakalis.com\/wp-content\/uploads\/2024\/05\/Extrait-Video-LAB-EN-1.png 1920w\" sizes=\"(max-width: 1024px) 100vw, (max-width: 640px) 100vw, 1200px\" \/><\/span><\/div><div class=\"fusion-text fusion-text-1\" style=\"--awb-margin-top:30px;\"><p style=\"text-align: center; font-size: 30px; font-family: Roboto; font-weight: bold;\" data-fusion-font=\"true\" data-fusion-google-font=\"Roboto\" data-fusion-google-variant=\"700\">TK-LAB<\/p>\n<\/div><\/div><\/div><div class=\"fusion-layout-column fusion_builder_column_inner fusion-builder-nested-column-2 fusion_builder_column_inner_1_4 1_4 fusion-flex-column fusion-flex-align-self-flex-end\" style=\"--awb-bg-size:cover;--awb-width-large:25%;--awb-margin-top-large:0px;--awb-spacing-right-large:7.68%;--awb-margin-bottom-large:20px;--awb-spacing-left-large:0%;--awb-width-medium:100%;--awb-order-medium:0;--awb-spacing-right-medium:1.92%;--awb-spacing-left-medium:1.92%;--awb-width-small:100%;--awb-order-small:0;--awb-spacing-right-small:1.92%;--awb-spacing-left-small:1.92%;\"><div class=\"fusion-column-wrapper fusion-column-has-shadow fusion-flex-justify-content-flex-end fusion-content-layout-column\"><div style=\"text-align:center;\"><a class=\"fusion-button button-flat button-large button-custom fusion-button-default button-1 fusion-button-span-no fusion-animated fusion-has-button-gradient\" style=\"--button_accent_color:#ffffff;--button_accent_hover_color:#ffffff;--button_border_hover_color:#ffffff;--button-border-radius-top-left:10px;--button-border-radius-top-right:10px;--button-border-radius-bottom-right:10px;--button-border-radius-bottom-left:10px;--button_gradient_top_color:#2b2b2b;--button_gradient_bottom_color:#000000;--button_gradient_top_color_hover:var(--awb-color5);--button_gradient_bottom_color_hover:var(--awb-color5);--button_text_transform:none;--button_typography-font-family:&quot;Roboto&quot;;--button_typography-font-style:normal;--button_typography-font-weight:400;\" data-animationType=\"fadeInLeft\" data-animationDuration=\"0.3\" data-animationOffset=\"top-into-view\" target=\"_self\" data-hover=\"icon_slide\" href=\"https:\/\/www.terakalis.com\/de\/demonstration\/\"><i class=\"icon-tkfontandroid button-icon-left\" aria-hidden=\"true\"><\/i><span class=\"fusion-button-text\">IHRE ANWENDUNG BEST\u00c4TIGEN<\/span><\/a><\/div><\/div><\/div><\/div><\/div><\/div><\/div><\/div><div class=\"fusion-fullwidth fullwidth-box fusion-builder-row-2 fusion-flex-container has-pattern-background has-mask-background nonhundred-percent-fullwidth non-hundred-percent-height-scrolling\" style=\"--awb-border-radius-top-left:0px;--awb-border-radius-top-right:0px;--awb-border-radius-bottom-right:0px;--awb-border-radius-bottom-left:0px;--awb-padding-top:52px;--awb-margin-top:85px;--awb-flex-wrap:wrap;\" ><div class=\"fusion-builder-row fusion-row fusion-flex-align-items-flex-start fusion-flex-content-wrap\" style=\"max-width:1872px;margin-left: calc(-4% \/ 2 );margin-right: calc(-4% \/ 2 );\"><div class=\"fusion-layout-column fusion_builder_column fusion-builder-column-1 fusion_builder_column_1_2 1_2 fusion-flex-column\" style=\"--awb-bg-size:cover;--awb-width-large:50%;--awb-margin-top-large:38px;--awb-spacing-right-large:3.84%;--awb-margin-bottom-large:20px;--awb-spacing-left-large:3.84%;--awb-width-medium:100%;--awb-order-medium:0;--awb-spacing-right-medium:1.92%;--awb-spacing-left-medium:1.92%;--awb-width-small:100%;--awb-order-small:0;--awb-spacing-right-small:1.92%;--awb-spacing-left-small:1.92%;\"><div class=\"fusion-column-wrapper fusion-column-has-shadow fusion-flex-justify-content-flex-start fusion-content-layout-column\"><div class=\"fusion-image-element \" style=\"text-align:right;--awb-caption-title-font-family:var(--h2_typography-font-family);--awb-caption-title-font-weight:var(--h2_typography-font-weight);--awb-caption-title-font-style:var(--h2_typography-font-style);--awb-caption-title-size:var(--h2_typography-font-size);--awb-caption-title-transform:var(--h2_typography-text-transform);--awb-caption-title-line-height:var(--h2_typography-line-height);--awb-caption-title-letter-spacing:var(--h2_typography-letter-spacing);\"><span class=\" fusion-imageframe imageframe-none imageframe-2 hover-type-none\"><img decoding=\"async\" width=\"300\" height=\"400\" title=\"TK-Lab-300&#215;400\" src=\"https:\/\/www.terakalis.com\/wp-content\/uploads\/2023\/12\/TK-Lab-300x400-1.png\" alt class=\"img-responsive wp-image-5508\" srcset=\"https:\/\/www.terakalis.com\/wp-content\/uploads\/2023\/12\/TK-Lab-300x400-1-200x267.png 200w, https:\/\/www.terakalis.com\/wp-content\/uploads\/2023\/12\/TK-Lab-300x400-1.png 300w\" sizes=\"(max-width: 1024px) 100vw, (max-width: 640px) 100vw, 300px\" \/><\/span><\/div><\/div><\/div><div class=\"fusion-layout-column fusion_builder_column fusion-builder-column-2 fusion_builder_column_1_2 1_2 fusion-flex-column\" style=\"--awb-bg-size:cover;--awb-width-large:50%;--awb-margin-top-large:0px;--awb-spacing-right-large:3.84%;--awb-margin-bottom-large:20px;--awb-spacing-left-large:3.84%;--awb-width-medium:100%;--awb-order-medium:0;--awb-spacing-right-medium:1.92%;--awb-spacing-left-medium:1.92%;--awb-width-small:100%;--awb-order-small:0;--awb-spacing-right-small:1.92%;--awb-spacing-left-small:1.92%;\"><div class=\"fusion-column-wrapper fusion-column-has-shadow fusion-flex-justify-content-flex-start fusion-content-layout-column\"><div class=\"fusion-text fusion-text-2\" style=\"--awb-margin-top:30px;\"><p style=\"font-size: 20px; font-family: Roboto; font-weight: 400; color: #ffffff; line-height: 29px;\" data-fusion-font=\"true\" data-fusion-google-font=\"Roboto\" data-fusion-google-variant=\"400\"><span style=\"color: #ffffff;\">VOLUMENBILDGEBUNG :<\/span><\/p>\n<ul>\n<li style=\"font-size: 20px; font-family: Roboto; font-weight: 400; color: #ffffff; line-height: 24px;\" data-fusion-font=\"true\" data-fusion-google-font=\"Roboto\" data-fusion-google-variant=\"400\"><span style=\"font-family: Roboto; font-weight: 400; line-height: 29px; color: #ffffff;\" data-fusion-font=\"true\" data-fusion-google-font=\"Roboto\" data-fusion-google-variant=\"400\">2D\/3D<\/span><\/li>\n<li style=\"font-size: 20px; font-family: Roboto; font-weight: 400; color: #ffffff; line-height: 24px;\" data-fusion-font=\"true\" data-fusion-google-font=\"Roboto\" data-fusion-google-variant=\"400\"><span style=\"font-family: Roboto; font-weight: 400; line-height: 29px; color: #ffffff;\" data-fusion-font=\"true\" data-fusion-google-font=\"Roboto\" data-fusion-google-variant=\"400\">Starkes Penetrationsverm\u00f6gen +10 cm<\/span><\/li>\n<li style=\"font-size: 20px; font-family: Roboto; font-weight: 400; color: #ffffff; line-height: 24px;\" data-fusion-font=\"true\" data-fusion-google-font=\"Roboto\" data-fusion-google-variant=\"400\"><span style=\"font-family: Roboto; font-weight: 400; line-height: 29px; color: #ffffff;\" data-fusion-font=\"true\" data-fusion-google-font=\"Roboto\" data-fusion-google-variant=\"400\">Seitliche Aufl\u00f6sung &lt;mm<\/span><\/li>\n<\/ul>\n<p style=\"color: #ffffff; font-size: 20px; font-family: Roboto; font-weight: 400; line-height: 29px;\" data-fusion-font=\"true\" data-fusion-google-font=\"Roboto\" data-fusion-google-variant=\"400\"><span style=\"color: #ffffff;\">DICKENMESSUNG :<\/span><\/p>\n<ul>\n<li style=\"font-size: 20px; font-family: Roboto; font-weight: 400; color: #ffffff; line-height: 24px;\" data-fusion-font=\"true\" data-fusion-google-font=\"Roboto\" data-fusion-google-variant=\"400\"><span style=\"font-family: Roboto; font-weight: 400; line-height: 29px; color: #ffffff;\" data-fusion-font=\"true\" data-fusion-google-font=\"Roboto\" data-fusion-google-variant=\"400\">Von 10 \u00b5m bis zu mehreren cm<\/span><\/li>\n<li style=\"font-size: 20px; font-family: Roboto; font-weight: 400; color: #ffffff; line-height: 24px;\" data-fusion-font=\"true\" data-fusion-google-font=\"Roboto\" data-fusion-google-variant=\"400\"><span style=\"font-family: Roboto; font-weight: 400; line-height: 29px; color: #ffffff;\" data-fusion-font=\"true\" data-fusion-google-font=\"Roboto\" data-fusion-google-variant=\"400\">Mehrschichtige Diskriminierung<\/span><\/li>\n<li style=\"font-size: 20px; font-family: Roboto; font-weight: 400; color: #ffffff; line-height: 24px;\" data-fusion-font=\"true\" data-fusion-google-font=\"Roboto\" data-fusion-google-variant=\"400\"><span style=\"font-family: Roboto; font-weight: 400; line-height: 29px; color: #ffffff;\" data-fusion-font=\"true\" data-fusion-google-font=\"Roboto\" data-fusion-google-variant=\"400\">Alle Arten von Substraten<\/span><\/li>\n<\/ul>\n<p style=\"font-size: 20px; font-family: Roboto; font-weight: 400; color: #ffffff; line-height: 29px;\" data-fusion-font=\"true\" data-fusion-google-font=\"Roboto\" data-fusion-google-variant=\"400\"><span style=\"color: #ffffff;\">SPEKTROMETRIE :<\/span><\/p>\n<ul>\n<li style=\"font-size: 20px; font-family: Roboto; font-weight: 400; color: #ffffff; line-height: 24px;\" data-fusion-font=\"true\" data-fusion-google-font=\"Roboto\" data-fusion-google-variant=\"400\"><span style=\"font-family: Roboto; font-weight: 400; line-height: 29px; color: #ffffff;\" data-fusion-font=\"true\" data-fusion-google-font=\"Roboto\" data-fusion-google-variant=\"400\">Physikalisch-chemische Eigenschaften<\/span><\/li>\n<\/ul>\n<p><span style=\"font-style: var(--awb-text-font-style); letter-spacing: var(--awb-letter-spacing); text-align: var(--awb-content-alignment); text-transform: var(--awb-text-transform); color: #ffffff; font-family: Roboto; font-size: 20px; line-height: 29px;\" data-fusion-font=\"true\">POLARIMETRIE<\/span><\/p>\n<\/div><\/div><\/div><div class=\"fusion-layout-column fusion_builder_column fusion-builder-column-3 fusion_builder_column_1_1 1_1 fusion-flex-column\" style=\"--awb-bg-size:cover;--awb-width-large:100%;--awb-margin-top-large:0px;--awb-spacing-right-large:1.92%;--awb-margin-bottom-large:20px;--awb-spacing-left-large:1.92%;--awb-width-medium:100%;--awb-order-medium:0;--awb-spacing-right-medium:1.92%;--awb-spacing-left-medium:1.92%;--awb-width-small:100%;--awb-order-small:0;--awb-spacing-right-small:1.92%;--awb-spacing-left-small:1.92%;\"><div class=\"fusion-column-wrapper fusion-column-has-shadow fusion-flex-justify-content-flex-start fusion-content-layout-column\"><div class=\"fusion-title title fusion-title-3 fusion-sep-none fusion-title-text fusion-title-size-one\" style=\"--awb-font-size:24px;\"><h1 class=\"fusion-title-heading title-heading-left fusion-responsive-typography-calculated\" style=\"font-family:&quot;Roboto&quot;;font-style:normal;font-weight:400;margin:0;font-size:1em;--fontSize:24;line-height:1.4;\"><\/h1><\/div><div class=\"fusion-text fusion-text-3\"><p><span style=\"color: #333333;\">&#8211;<\/span><\/p>\n<p>&nbsp;<\/p>\n<\/div><\/div><\/div><\/div><\/div><\/p>\n","protected":false},"excerpt":{"rendered":"","protected":false},"author":1,"featured_media":0,"parent":0,"menu_order":0,"comment_status":"closed","ping_status":"closed","template":"","meta":{"footnotes":""},"class_list":["post-4491","page","type-page","status-publish","hentry"],"yoast_head":"<!-- This site is optimized with the Yoast SEO plugin v24.4 - https:\/\/yoast.com\/wordpress\/plugins\/seo\/ -->\n<title>LABOR - Les Technologies TeraHertz par Terakalis<\/title>\n<meta name=\"description\" content=\"Die Laborausr\u00fcstung von Terakalis erm\u00f6glicht eine pr\u00e4zise Materialanalyse mit Terahertz-Technologie. Ideal f\u00fcr F&amp;E, bietet sie fortschrittliche Bildgebung, Dickenmessung und Materialcharakterisierung.\" \/>\n<meta name=\"robots\" content=\"index, follow, max-snippet:-1, max-image-preview:large, max-video-preview:-1\" \/>\n<link rel=\"canonical\" href=\"https:\/\/www.terakalis.com\/de\/labor\/\" \/>\n<meta property=\"og:locale\" content=\"de_DE\" \/>\n<meta property=\"og:type\" content=\"article\" \/>\n<meta property=\"og:title\" content=\"LABOR - Les Technologies TeraHertz par Terakalis\" \/>\n<meta property=\"og:description\" content=\"Die Laborausr\u00fcstung von Terakalis erm\u00f6glicht eine pr\u00e4zise Materialanalyse mit Terahertz-Technologie. Ideal f\u00fcr F&amp;E, bietet sie fortschrittliche Bildgebung, Dickenmessung und Materialcharakterisierung.\" \/>\n<meta property=\"og:url\" content=\"https:\/\/www.terakalis.com\/de\/labor\/\" \/>\n<meta property=\"og:site_name\" content=\"Les Technologies TeraHertz par Terakalis\" \/>\n<meta property=\"article:modified_time\" content=\"2025-02-13T15:57:54+00:00\" \/>\n<meta name=\"twitter:card\" content=\"summary_large_image\" \/>\n<meta name=\"twitter:label1\" content=\"Gesch\u00e4tzte Lesezeit\" \/>\n\t<meta name=\"twitter:data1\" content=\"1\u00a0Minute\" \/>\n<script type=\"application\/ld+json\" class=\"yoast-schema-graph\">{\"@context\":\"https:\/\/schema.org\",\"@graph\":[{\"@type\":\"WebPage\",\"@id\":\"https:\/\/www.terakalis.com\/de\/labor\/\",\"url\":\"https:\/\/www.terakalis.com\/de\/labor\/\",\"name\":\"LABOR - Les Technologies TeraHertz par Terakalis\",\"isPartOf\":{\"@id\":\"https:\/\/www.terakalis.com\/de\/#website\"},\"datePublished\":\"2022-08-10T09:44:27+00:00\",\"dateModified\":\"2025-02-13T15:57:54+00:00\",\"description\":\"Die Laborausr\u00fcstung von Terakalis erm\u00f6glicht eine pr\u00e4zise Materialanalyse mit Terahertz-Technologie. Ideal f\u00fcr F&E, bietet sie fortschrittliche Bildgebung, Dickenmessung und Materialcharakterisierung.\",\"breadcrumb\":{\"@id\":\"https:\/\/www.terakalis.com\/de\/labor\/#breadcrumb\"},\"inLanguage\":\"de\",\"potentialAction\":[{\"@type\":\"ReadAction\",\"target\":[\"https:\/\/www.terakalis.com\/de\/labor\/\"]}]},{\"@type\":\"BreadcrumbList\",\"@id\":\"https:\/\/www.terakalis.com\/de\/labor\/#breadcrumb\",\"itemListElement\":[{\"@type\":\"ListItem\",\"position\":1,\"name\":\"Accueil\",\"item\":\"https:\/\/www.terakalis.com\/de\/\"},{\"@type\":\"ListItem\",\"position\":2,\"name\":\"LABOR\"}]},{\"@type\":\"WebSite\",\"@id\":\"https:\/\/www.terakalis.com\/de\/#website\",\"url\":\"https:\/\/www.terakalis.com\/de\/\",\"name\":\"Les Technologies TeraHertz par Terakalis\",\"description\":\"Analyse et contr\u00f4le au coeur de la mati\u00e8re\",\"potentialAction\":[{\"@type\":\"SearchAction\",\"target\":{\"@type\":\"EntryPoint\",\"urlTemplate\":\"https:\/\/www.terakalis.com\/de\/?s={search_term_string}\"},\"query-input\":{\"@type\":\"PropertyValueSpecification\",\"valueRequired\":true,\"valueName\":\"search_term_string\"}}],\"inLanguage\":\"de\"}]}<\/script>\n<!-- \/ Yoast SEO plugin. -->","yoast_head_json":{"title":"LABOR - Les Technologies TeraHertz par Terakalis","description":"Die Laborausr\u00fcstung von Terakalis erm\u00f6glicht eine pr\u00e4zise Materialanalyse mit Terahertz-Technologie. Ideal f\u00fcr F&E, bietet sie fortschrittliche Bildgebung, Dickenmessung und Materialcharakterisierung.","robots":{"index":"index","follow":"follow","max-snippet":"max-snippet:-1","max-image-preview":"max-image-preview:large","max-video-preview":"max-video-preview:-1"},"canonical":"https:\/\/www.terakalis.com\/de\/labor\/","og_locale":"de_DE","og_type":"article","og_title":"LABOR - Les Technologies TeraHertz par Terakalis","og_description":"Die Laborausr\u00fcstung von Terakalis erm\u00f6glicht eine pr\u00e4zise Materialanalyse mit Terahertz-Technologie. Ideal f\u00fcr F&E, bietet sie fortschrittliche Bildgebung, Dickenmessung und Materialcharakterisierung.","og_url":"https:\/\/www.terakalis.com\/de\/labor\/","og_site_name":"Les Technologies TeraHertz par Terakalis","article_modified_time":"2025-02-13T15:57:54+00:00","twitter_card":"summary_large_image","twitter_misc":{"Gesch\u00e4tzte Lesezeit":"1\u00a0Minute"},"schema":{"@context":"https:\/\/schema.org","@graph":[{"@type":"WebPage","@id":"https:\/\/www.terakalis.com\/de\/labor\/","url":"https:\/\/www.terakalis.com\/de\/labor\/","name":"LABOR - Les Technologies TeraHertz par Terakalis","isPartOf":{"@id":"https:\/\/www.terakalis.com\/de\/#website"},"datePublished":"2022-08-10T09:44:27+00:00","dateModified":"2025-02-13T15:57:54+00:00","description":"Die Laborausr\u00fcstung von Terakalis erm\u00f6glicht eine pr\u00e4zise Materialanalyse mit Terahertz-Technologie. Ideal f\u00fcr F&E, bietet sie fortschrittliche Bildgebung, Dickenmessung und Materialcharakterisierung.","breadcrumb":{"@id":"https:\/\/www.terakalis.com\/de\/labor\/#breadcrumb"},"inLanguage":"de","potentialAction":[{"@type":"ReadAction","target":["https:\/\/www.terakalis.com\/de\/labor\/"]}]},{"@type":"BreadcrumbList","@id":"https:\/\/www.terakalis.com\/de\/labor\/#breadcrumb","itemListElement":[{"@type":"ListItem","position":1,"name":"Accueil","item":"https:\/\/www.terakalis.com\/de\/"},{"@type":"ListItem","position":2,"name":"LABOR"}]},{"@type":"WebSite","@id":"https:\/\/www.terakalis.com\/de\/#website","url":"https:\/\/www.terakalis.com\/de\/","name":"Les Technologies TeraHertz par Terakalis","description":"Analyse et contr\u00f4le au coeur de la mati\u00e8re","potentialAction":[{"@type":"SearchAction","target":{"@type":"EntryPoint","urlTemplate":"https:\/\/www.terakalis.com\/de\/?s={search_term_string}"},"query-input":{"@type":"PropertyValueSpecification","valueRequired":true,"valueName":"search_term_string"}}],"inLanguage":"de"}]}},"_links":{"self":[{"href":"https:\/\/www.terakalis.com\/de\/wp-json\/wp\/v2\/pages\/4491","targetHints":{"allow":["GET"]}}],"collection":[{"href":"https:\/\/www.terakalis.com\/de\/wp-json\/wp\/v2\/pages"}],"about":[{"href":"https:\/\/www.terakalis.com\/de\/wp-json\/wp\/v2\/types\/page"}],"author":[{"embeddable":true,"href":"https:\/\/www.terakalis.com\/de\/wp-json\/wp\/v2\/users\/1"}],"replies":[{"embeddable":true,"href":"https:\/\/www.terakalis.com\/de\/wp-json\/wp\/v2\/comments?post=4491"}],"version-history":[{"count":27,"href":"https:\/\/www.terakalis.com\/de\/wp-json\/wp\/v2\/pages\/4491\/revisions"}],"predecessor-version":[{"id":8632,"href":"https:\/\/www.terakalis.com\/de\/wp-json\/wp\/v2\/pages\/4491\/revisions\/8632"}],"wp:attachment":[{"href":"https:\/\/www.terakalis.com\/de\/wp-json\/wp\/v2\/media?parent=4491"}],"curies":[{"name":"wp","href":"https:\/\/api.w.org\/{rel}","templated":true}]}}