{"id":4451,"date":"2023-09-21T19:38:42","date_gmt":"2023-09-21T17:38:42","guid":{"rendered":"https:\/\/www.terakalis.com\/kompositen\/"},"modified":"2025-02-12T11:01:14","modified_gmt":"2025-02-12T09:01:14","slug":"kompositen","status":"publish","type":"page","link":"https:\/\/www.terakalis.com\/de\/kompositen\/","title":{"rendered":"KOMPOSITEN"},"content":{"rendered":"<div class=\"fusion-fullwidth fullwidth-box fusion-builder-row-1 fusion-flex-container has-pattern-background has-mask-background nonhundred-percent-fullwidth non-hundred-percent-height-scrolling\" style=\"--awb-border-radius-top-left:0px;--awb-border-radius-top-right:0px;--awb-border-radius-bottom-right:0px;--awb-border-radius-bottom-left:0px;--awb-padding-top:26px;--awb-padding-bottom:0px;--awb-margin-bottom:0px;--awb-flex-wrap:wrap;\" ><div class=\"fusion-builder-row fusion-row fusion-flex-align-items-flex-start fusion-flex-content-wrap\" style=\"max-width:1872px;margin-left: calc(-4% \/ 2 );margin-right: calc(-4% \/ 2 );\"><div class=\"fusion-layout-column fusion_builder_column fusion-builder-column-0 fusion_builder_column_1_1 1_1 fusion-flex-column\" style=\"--awb-bg-size:cover;--awb-width-large:100%;--awb-margin-top-large:0px;--awb-spacing-right-large:1.92%;--awb-margin-bottom-large:20px;--awb-spacing-left-large:1.92%;--awb-width-medium:100%;--awb-order-medium:0;--awb-spacing-right-medium:1.92%;--awb-spacing-left-medium:1.92%;--awb-width-small:100%;--awb-order-small:0;--awb-spacing-right-small:1.92%;--awb-spacing-left-small:1.92%;\"><div class=\"fusion-column-wrapper fusion-column-has-shadow fusion-flex-justify-content-flex-start fusion-content-layout-column\"><div class=\"fusion-title title fusion-title-1 fusion-sep-none fusion-title-center fusion-title-text fusion-title-size-one\" style=\"--awb-text-color:#ffffff;--awb-link-color:#ffffff;--awb-link-hover-color:#0bbcff;--awb-font-size:30px;\"><h1 class=\"fusion-title-heading title-heading-center fusion-responsive-typography-calculated\" style=\"font-family:&quot;Roboto&quot;;font-style:normal;font-weight:400;margin:0;font-size:1em;--fontSize:30;line-height:1.4;\"><a href=\"https:\/\/www.terakalis.com\/industrie-4-0\/\" class=\"awb-custom-text-color awb-custom-text-hover-color\" target=\"_self\">KOMPOSITEN<\/a><\/h1><\/div><div class=\"fusion-separator\" style=\"align-self: center;margin-left: auto;margin-right: auto;margin-bottom:20px;width:100%;max-width:200px;\"><div class=\"fusion-separator-border sep-single sep-solid\" style=\"--awb-height:20px;--awb-amount:20px;--awb-sep-color:#0bbcff;border-color:#0bbcff;border-top-width:10px;\"><\/div><\/div><div class=\"fusion-text fusion-text-1\"><p style=\"font-size: 20px;\" data-fusion-font=\"true\">Verbundwerkstoffe werden aufgrund ihres geringen Gewichts, ihrer strukturellen Festigkeit und ihrer Anpassungsf\u00e4higkeit immer h\u00e4ufiger in der Industrie eingesetzt. Diese innovativen Materialien werden in verschiedenen Anwendungen bevorzugt, die auf eine Verbesserung der Leistung und eine Verringerung des CO2-Fu\u00dfabdrucks abzielen.<\/p>\n<p style=\"font-size: 20px;\" data-fusion-font=\"true\">W\u00e4hrend ihres mitunter komplexen Herstellungsprozesses ist es von entscheidender Bedeutung, jeden Schritt des Produktionszyklus kontrollieren zu k\u00f6nnen, um die erwartete Qualit\u00e4t und Leistung der Produkte zu gew\u00e4hrleisten. Um dieses Leistungsniveau im Betrieb aufrechtzuerhalten, ist es unerl\u00e4sslich, die Verbundwerkstoffteile weiterhin zu inspizieren, um Ver\u00e4nderungen in der Integrit\u00e4t dieser Teile fr\u00fchzeitig zu erkennen.<\/p>\n<p style=\"font-size: 20px;\" data-fusion-font=\"true\">Defekte in Verbundmaterialien k\u00f6nnen verschiedenster Art sein, und Terahertz kann die h\u00e4ufigsten Defekte erkennen, wie z. B. :<\/p>\n<\/div><\/div><\/div><div class=\"fusion-layout-column fusion_builder_column fusion-builder-column-1 fusion_builder_column_1_6 1_6 fusion-flex-column\" style=\"--awb-bg-size:cover;--awb-width-large:16.666666666667%;--awb-margin-top-large:0px;--awb-spacing-right-large:11.52%;--awb-margin-bottom-large:20px;--awb-spacing-left-large:11.52%;--awb-width-medium:100%;--awb-order-medium:0;--awb-spacing-right-medium:1.92%;--awb-spacing-left-medium:1.92%;--awb-width-small:100%;--awb-order-small:0;--awb-spacing-right-small:1.92%;--awb-spacing-left-small:1.92%;\"><div class=\"fusion-column-wrapper fusion-column-has-shadow fusion-flex-justify-content-flex-start fusion-content-layout-column\"><\/div><\/div><div class=\"fusion-layout-column fusion_builder_column fusion-builder-column-2 fusion_builder_column_1_4 1_4 fusion-flex-column\" style=\"--awb-bg-size:cover;--awb-width-large:25%;--awb-margin-top-large:0px;--awb-spacing-right-large:7.68%;--awb-margin-bottom-large:20px;--awb-spacing-left-large:7.68%;--awb-width-medium:100%;--awb-order-medium:0;--awb-spacing-right-medium:1.92%;--awb-spacing-left-medium:1.92%;--awb-width-small:100%;--awb-order-small:0;--awb-spacing-right-small:1.92%;--awb-spacing-left-small:1.92%;\"><div class=\"fusion-column-wrapper fusion-column-has-shadow fusion-flex-justify-content-flex-start fusion-content-layout-column\"><div class=\"fusion-text fusion-text-2\" style=\"--awb-content-alignment:left;\"><ul>\n<li><span style=\"font-size: 20px; line-height: 43px;\" data-fusion-font=\"true\">Fremdpartikel<\/span><\/li>\n<li><span style=\"font-size: 20px; line-height: 43px;\" data-fusion-font=\"true\">Impr\u00e4gnierung<\/span><\/li>\n<li><span style=\"font-size: 20px; line-height: 43px;\" data-fusion-font=\"true\">Mangel an Material<\/span><\/li>\n<li><span style=\"font-size: 20px; line-height: 43px;\" data-fusion-font=\"true\">Delamination<\/span><\/li>\n<li><span style=\"font-size: 20px; line-height: 43px;\" data-fusion-font=\"true\">Wassergehalt<\/span><\/li>\n<li><span style=\"font-size: 20px; line-height: 43px;\" data-fusion-font=\"true\">Dimensionale Messungen<\/span><\/li>\n<\/ul>\n<\/div><\/div><\/div><div class=\"fusion-layout-column fusion_builder_column fusion-builder-column-3 fusion_builder_column_1_2 1_2 fusion-flex-column\" style=\"--awb-bg-size:cover;--awb-width-large:50%;--awb-margin-top-large:0px;--awb-spacing-right-large:3.84%;--awb-margin-bottom-large:20px;--awb-spacing-left-large:3.84%;--awb-width-medium:100%;--awb-order-medium:0;--awb-spacing-right-medium:1.92%;--awb-spacing-left-medium:1.92%;--awb-width-small:100%;--awb-order-small:0;--awb-spacing-right-small:1.92%;--awb-spacing-left-small:1.92%;\"><div class=\"fusion-column-wrapper fusion-column-has-shadow fusion-flex-justify-content-flex-start fusion-content-layout-column\"><\/div><\/div><div class=\"fusion-layout-column fusion_builder_column fusion-builder-column-4 fusion_builder_column_1_1 1_1 fusion-flex-column\" style=\"--awb-bg-size:cover;--awb-width-large:100%;--awb-margin-top-large:0px;--awb-spacing-right-large:1.92%;--awb-margin-bottom-large:20px;--awb-spacing-left-large:1.92%;--awb-width-medium:100%;--awb-order-medium:0;--awb-spacing-right-medium:1.92%;--awb-spacing-left-medium:1.92%;--awb-width-small:100%;--awb-order-small:0;--awb-spacing-right-small:1.92%;--awb-spacing-left-small:1.92%;\"><div class=\"fusion-column-wrapper fusion-column-has-shadow fusion-flex-justify-content-flex-start fusion-content-layout-column\"><div class=\"fusion-text fusion-text-3\" style=\"--awb-margin-top:50px;\"><p><span style=\"color: #ffffff; font-family: Roboto; font-weight: 400; font-size: 20px;\" data-fusion-font=\"true\" data-fusion-google-font=\"Roboto\" data-fusion-google-variant=\"400\">Beispiel eines Musters eines laminierten Verbundflickens auf Glasfaserbasis auf einem Metallsubstrat (Stahl): <\/span><\/p>\n<p><span style=\"color: #ffffff; font-family: Roboto; font-weight: 400; font-size: 20px;\" data-fusion-font=\"true\" data-fusion-google-font=\"Roboto\" data-fusion-google-variant=\"400\">\u00a0<\/span><\/p>\n<\/div><div class=\"fusion-image-element \" style=\"text-align:center;--awb-max-width:900px;--awb-caption-title-font-family:var(--h2_typography-font-family);--awb-caption-title-font-weight:var(--h2_typography-font-weight);--awb-caption-title-font-style:var(--h2_typography-font-style);--awb-caption-title-size:var(--h2_typography-font-size);--awb-caption-title-transform:var(--h2_typography-text-transform);--awb-caption-title-line-height:var(--h2_typography-line-height);--awb-caption-title-letter-spacing:var(--h2_typography-letter-spacing);\"><span class=\" fusion-imageframe imageframe-none imageframe-1 hover-type-none\"><img decoding=\"async\" width=\"1632\" height=\"755\" title=\"COMPOSITE-haut-FR\" src=\"https:\/\/www.terakalis.com\/wp-content\/uploads\/2024\/12\/COMPOSITE-haut-DE.png\" alt class=\"img-responsive wp-image-7687\" srcset=\"https:\/\/www.terakalis.com\/wp-content\/uploads\/2024\/12\/COMPOSITE-haut-DE-200x93.png 200w, https:\/\/www.terakalis.com\/wp-content\/uploads\/2024\/12\/COMPOSITE-haut-DE-400x185.png 400w, https:\/\/www.terakalis.com\/wp-content\/uploads\/2024\/12\/COMPOSITE-haut-DE-600x278.png 600w, https:\/\/www.terakalis.com\/wp-content\/uploads\/2024\/12\/COMPOSITE-haut-DE-800x370.png 800w, https:\/\/www.terakalis.com\/wp-content\/uploads\/2024\/12\/COMPOSITE-haut-DE-1200x555.png 1200w, https:\/\/www.terakalis.com\/wp-content\/uploads\/2024\/12\/COMPOSITE-haut-DE.png 1632w\" sizes=\"(max-width: 1024px) 100vw, (max-width: 640px) 100vw, 1632px\" \/><\/span><\/div><div class=\"fusion-image-element \" style=\"text-align:center;--awb-max-width:900px;--awb-caption-title-font-family:var(--h2_typography-font-family);--awb-caption-title-font-weight:var(--h2_typography-font-weight);--awb-caption-title-font-style:var(--h2_typography-font-style);--awb-caption-title-size:var(--h2_typography-font-size);--awb-caption-title-transform:var(--h2_typography-text-transform);--awb-caption-title-line-height:var(--h2_typography-line-height);--awb-caption-title-letter-spacing:var(--h2_typography-letter-spacing);\"><span class=\" fusion-imageframe imageframe-none imageframe-2 hover-type-none\"><img decoding=\"async\" width=\"1632\" height=\"794\" title=\"COMPOSITE-bas-FR\" src=\"https:\/\/www.terakalis.com\/wp-content\/uploads\/2024\/12\/COMPOSITE-bas-DE.png\" alt class=\"img-responsive wp-image-7693\" srcset=\"https:\/\/www.terakalis.com\/wp-content\/uploads\/2024\/12\/COMPOSITE-bas-DE-200x97.png 200w, https:\/\/www.terakalis.com\/wp-content\/uploads\/2024\/12\/COMPOSITE-bas-DE-400x195.png 400w, https:\/\/www.terakalis.com\/wp-content\/uploads\/2024\/12\/COMPOSITE-bas-DE-600x292.png 600w, https:\/\/www.terakalis.com\/wp-content\/uploads\/2024\/12\/COMPOSITE-bas-DE-800x389.png 800w, https:\/\/www.terakalis.com\/wp-content\/uploads\/2024\/12\/COMPOSITE-bas-DE-1200x584.png 1200w, https:\/\/www.terakalis.com\/wp-content\/uploads\/2024\/12\/COMPOSITE-bas-DE.png 1632w\" sizes=\"(max-width: 1024px) 100vw, (max-width: 640px) 100vw, 1632px\" \/><\/span><\/div><div class=\"fusion-text fusion-text-4\"><p style=\"color: rgba(255, 255, 255, 0);\"><span style=\"color: #000000;\">a<\/span><\/p>\n<\/div><\/div><\/div><\/div><\/div>\n","protected":false},"excerpt":{"rendered":"","protected":false},"author":1,"featured_media":0,"parent":0,"menu_order":0,"comment_status":"closed","ping_status":"closed","template":"","meta":{"footnotes":""},"class_list":["post-4451","page","type-page","status-publish","hentry"],"yoast_head":"<!-- This site is optimized with the Yoast SEO plugin v24.4 - https:\/\/yoast.com\/wordpress\/plugins\/seo\/ -->\n<title>KOMPOSITEN - Les Technologies TeraHertz par Terakalis<\/title>\n<meta name=\"description\" content=\"Die Terakalis-L\u00f6sungen erm\u00f6glichen eine fortschrittliche Pr\u00fcfung von Verbundwerkstoffen mit Terahertz-Technologie. Erkennen Sie interne Defekte, \u00fcberpr\u00fcfen Sie die Verbindungsintegrit\u00e4t und optimieren Sie die Qualit\u00e4t Ihrer Verbundmaterialien.\" \/>\n<meta name=\"robots\" content=\"index, follow, max-snippet:-1, max-image-preview:large, max-video-preview:-1\" \/>\n<link rel=\"canonical\" href=\"https:\/\/www.terakalis.com\/de\/kompositen\/\" \/>\n<meta property=\"og:locale\" content=\"de_DE\" \/>\n<meta property=\"og:type\" content=\"article\" \/>\n<meta property=\"og:title\" content=\"KOMPOSITEN - Les Technologies TeraHertz par Terakalis\" \/>\n<meta property=\"og:description\" content=\"Die Terakalis-L\u00f6sungen erm\u00f6glichen eine fortschrittliche Pr\u00fcfung von Verbundwerkstoffen mit Terahertz-Technologie. Erkennen Sie interne Defekte, \u00fcberpr\u00fcfen Sie die Verbindungsintegrit\u00e4t und optimieren Sie die Qualit\u00e4t Ihrer Verbundmaterialien.\" \/>\n<meta property=\"og:url\" content=\"https:\/\/www.terakalis.com\/de\/kompositen\/\" \/>\n<meta property=\"og:site_name\" content=\"Les Technologies TeraHertz par Terakalis\" \/>\n<meta property=\"article:modified_time\" content=\"2025-02-12T09:01:14+00:00\" \/>\n<meta name=\"twitter:card\" content=\"summary_large_image\" \/>\n<meta name=\"twitter:label1\" content=\"Gesch\u00e4tzte Lesezeit\" \/>\n\t<meta name=\"twitter:data1\" content=\"2\u00a0Minuten\" \/>\n<script type=\"application\/ld+json\" class=\"yoast-schema-graph\">{\"@context\":\"https:\/\/schema.org\",\"@graph\":[{\"@type\":\"WebPage\",\"@id\":\"https:\/\/www.terakalis.com\/de\/kompositen\/\",\"url\":\"https:\/\/www.terakalis.com\/de\/kompositen\/\",\"name\":\"KOMPOSITEN - Les Technologies TeraHertz par Terakalis\",\"isPartOf\":{\"@id\":\"https:\/\/www.terakalis.com\/de\/#website\"},\"datePublished\":\"2023-09-21T17:38:42+00:00\",\"dateModified\":\"2025-02-12T09:01:14+00:00\",\"description\":\"Die Terakalis-L\u00f6sungen erm\u00f6glichen eine fortschrittliche Pr\u00fcfung von Verbundwerkstoffen mit Terahertz-Technologie. Erkennen Sie interne Defekte, \u00fcberpr\u00fcfen Sie die Verbindungsintegrit\u00e4t und optimieren Sie die Qualit\u00e4t Ihrer Verbundmaterialien.\",\"breadcrumb\":{\"@id\":\"https:\/\/www.terakalis.com\/de\/kompositen\/#breadcrumb\"},\"inLanguage\":\"de\",\"potentialAction\":[{\"@type\":\"ReadAction\",\"target\":[\"https:\/\/www.terakalis.com\/de\/kompositen\/\"]}]},{\"@type\":\"BreadcrumbList\",\"@id\":\"https:\/\/www.terakalis.com\/de\/kompositen\/#breadcrumb\",\"itemListElement\":[{\"@type\":\"ListItem\",\"position\":1,\"name\":\"Accueil\",\"item\":\"https:\/\/www.terakalis.com\/de\/\"},{\"@type\":\"ListItem\",\"position\":2,\"name\":\"KOMPOSITEN\"}]},{\"@type\":\"WebSite\",\"@id\":\"https:\/\/www.terakalis.com\/de\/#website\",\"url\":\"https:\/\/www.terakalis.com\/de\/\",\"name\":\"Les Technologies TeraHertz par Terakalis\",\"description\":\"Analyse et contr\u00f4le au coeur de la mati\u00e8re\",\"potentialAction\":[{\"@type\":\"SearchAction\",\"target\":{\"@type\":\"EntryPoint\",\"urlTemplate\":\"https:\/\/www.terakalis.com\/de\/?s={search_term_string}\"},\"query-input\":{\"@type\":\"PropertyValueSpecification\",\"valueRequired\":true,\"valueName\":\"search_term_string\"}}],\"inLanguage\":\"de\"}]}<\/script>\n<!-- \/ Yoast SEO plugin. -->","yoast_head_json":{"title":"KOMPOSITEN - Les Technologies TeraHertz par Terakalis","description":"Die Terakalis-L\u00f6sungen erm\u00f6glichen eine fortschrittliche Pr\u00fcfung von Verbundwerkstoffen mit Terahertz-Technologie. Erkennen Sie interne Defekte, \u00fcberpr\u00fcfen Sie die Verbindungsintegrit\u00e4t und optimieren Sie die Qualit\u00e4t Ihrer Verbundmaterialien.","robots":{"index":"index","follow":"follow","max-snippet":"max-snippet:-1","max-image-preview":"max-image-preview:large","max-video-preview":"max-video-preview:-1"},"canonical":"https:\/\/www.terakalis.com\/de\/kompositen\/","og_locale":"de_DE","og_type":"article","og_title":"KOMPOSITEN - Les Technologies TeraHertz par Terakalis","og_description":"Die Terakalis-L\u00f6sungen erm\u00f6glichen eine fortschrittliche Pr\u00fcfung von Verbundwerkstoffen mit Terahertz-Technologie. Erkennen Sie interne Defekte, \u00fcberpr\u00fcfen Sie die Verbindungsintegrit\u00e4t und optimieren Sie die Qualit\u00e4t Ihrer Verbundmaterialien.","og_url":"https:\/\/www.terakalis.com\/de\/kompositen\/","og_site_name":"Les Technologies TeraHertz par Terakalis","article_modified_time":"2025-02-12T09:01:14+00:00","twitter_card":"summary_large_image","twitter_misc":{"Gesch\u00e4tzte Lesezeit":"2\u00a0Minuten"},"schema":{"@context":"https:\/\/schema.org","@graph":[{"@type":"WebPage","@id":"https:\/\/www.terakalis.com\/de\/kompositen\/","url":"https:\/\/www.terakalis.com\/de\/kompositen\/","name":"KOMPOSITEN - Les Technologies TeraHertz par Terakalis","isPartOf":{"@id":"https:\/\/www.terakalis.com\/de\/#website"},"datePublished":"2023-09-21T17:38:42+00:00","dateModified":"2025-02-12T09:01:14+00:00","description":"Die Terakalis-L\u00f6sungen erm\u00f6glichen eine fortschrittliche Pr\u00fcfung von Verbundwerkstoffen mit Terahertz-Technologie. Erkennen Sie interne Defekte, \u00fcberpr\u00fcfen Sie die Verbindungsintegrit\u00e4t und optimieren Sie die Qualit\u00e4t Ihrer Verbundmaterialien.","breadcrumb":{"@id":"https:\/\/www.terakalis.com\/de\/kompositen\/#breadcrumb"},"inLanguage":"de","potentialAction":[{"@type":"ReadAction","target":["https:\/\/www.terakalis.com\/de\/kompositen\/"]}]},{"@type":"BreadcrumbList","@id":"https:\/\/www.terakalis.com\/de\/kompositen\/#breadcrumb","itemListElement":[{"@type":"ListItem","position":1,"name":"Accueil","item":"https:\/\/www.terakalis.com\/de\/"},{"@type":"ListItem","position":2,"name":"KOMPOSITEN"}]},{"@type":"WebSite","@id":"https:\/\/www.terakalis.com\/de\/#website","url":"https:\/\/www.terakalis.com\/de\/","name":"Les Technologies TeraHertz par Terakalis","description":"Analyse et contr\u00f4le au coeur de la mati\u00e8re","potentialAction":[{"@type":"SearchAction","target":{"@type":"EntryPoint","urlTemplate":"https:\/\/www.terakalis.com\/de\/?s={search_term_string}"},"query-input":{"@type":"PropertyValueSpecification","valueRequired":true,"valueName":"search_term_string"}}],"inLanguage":"de"}]}},"_links":{"self":[{"href":"https:\/\/www.terakalis.com\/de\/wp-json\/wp\/v2\/pages\/4451","targetHints":{"allow":["GET"]}}],"collection":[{"href":"https:\/\/www.terakalis.com\/de\/wp-json\/wp\/v2\/pages"}],"about":[{"href":"https:\/\/www.terakalis.com\/de\/wp-json\/wp\/v2\/types\/page"}],"author":[{"embeddable":true,"href":"https:\/\/www.terakalis.com\/de\/wp-json\/wp\/v2\/users\/1"}],"replies":[{"embeddable":true,"href":"https:\/\/www.terakalis.com\/de\/wp-json\/wp\/v2\/comments?post=4451"}],"version-history":[{"count":96,"href":"https:\/\/www.terakalis.com\/de\/wp-json\/wp\/v2\/pages\/4451\/revisions"}],"predecessor-version":[{"id":8595,"href":"https:\/\/www.terakalis.com\/de\/wp-json\/wp\/v2\/pages\/4451\/revisions\/8595"}],"wp:attachment":[{"href":"https:\/\/www.terakalis.com\/de\/wp-json\/wp\/v2\/media?parent=4451"}],"curies":[{"name":"wp","href":"https:\/\/api.w.org\/{rel}","templated":true}]}}