{"id":4090,"date":"2022-08-10T11:40:45","date_gmt":"2022-08-10T09:40:45","guid":{"rendered":"https:\/\/www.terakalis.com\/energie\/"},"modified":"2025-02-13T16:51:59","modified_gmt":"2025-02-13T14:51:59","slug":"industrien-energie","status":"publish","type":"page","link":"https:\/\/www.terakalis.com\/de\/industrien-energie\/","title":{"rendered":"ENERGIE"},"content":{"rendered":"<div class=\"fusion-fullwidth fullwidth-box fusion-builder-row-1 fusion-flex-container has-pattern-background has-mask-background nonhundred-percent-fullwidth non-hundred-percent-height-scrolling\" style=\"--awb-border-radius-top-left:0px;--awb-border-radius-top-right:0px;--awb-border-radius-bottom-right:0px;--awb-border-radius-bottom-left:0px;--awb-padding-top:26px;--awb-padding-bottom:0px;--awb-margin-bottom:0px;--awb-flex-wrap:wrap;\" ><div class=\"fusion-builder-row fusion-row fusion-flex-align-items-flex-start fusion-flex-content-wrap\" style=\"max-width:1872px;margin-left: calc(-4% \/ 2 );margin-right: calc(-4% \/ 2 );\"><div class=\"fusion-layout-column fusion_builder_column fusion-builder-column-0 fusion_builder_column_1_1 1_1 fusion-flex-column\" style=\"--awb-bg-size:cover;--awb-width-large:100%;--awb-margin-top-large:0px;--awb-spacing-right-large:1.92%;--awb-margin-bottom-large:-70px;--awb-spacing-left-large:1.92%;--awb-width-medium:100%;--awb-order-medium:0;--awb-spacing-right-medium:1.92%;--awb-spacing-left-medium:1.92%;--awb-width-small:100%;--awb-order-small:0;--awb-spacing-right-small:1.92%;--awb-spacing-left-small:1.92%;\"><div class=\"fusion-column-wrapper fusion-column-has-shadow fusion-flex-justify-content-flex-start fusion-content-layout-column\"><div class=\"fusion-title title fusion-title-1 fusion-sep-none fusion-title-center fusion-title-text fusion-title-size-one\" style=\"--awb-text-color:#ffffff;--awb-link-color:#ffffff;--awb-link-hover-color:#0bbcff;--awb-font-size:30px;\"><h1 class=\"fusion-title-heading title-heading-center fusion-responsive-typography-calculated\" style=\"font-family:&quot;Roboto&quot;;font-style:normal;font-weight:400;margin:0;font-size:1em;--fontSize:30;line-height:1.4;\"><a href=\"https:\/\/www.terakalis.com\/industrie-4-0\/\" class=\"awb-custom-text-color awb-custom-text-hover-color\" target=\"_self\">ENERGIE<\/a><\/h1><\/div><div class=\"fusion-separator\" style=\"align-self: center;margin-left: auto;margin-right: auto;margin-bottom:20px;width:100%;max-width:200px;\"><div class=\"fusion-separator-border sep-single sep-solid\" style=\"--awb-height:20px;--awb-amount:20px;--awb-sep-color:#0bbcff;border-color:#0bbcff;border-top-width:10px;\"><\/div><\/div><div class=\"fusion-text fusion-text-1\" style=\"--awb-margin-top:20px;\"><p style=\"font-size: 20px; font-family: Roboto; font-weight: 400; color: #ffffff;\" data-fusion-font=\"true\" data-fusion-google-font=\"Roboto\" data-fusion-google-variant=\"400\">Der Energiesektor ist durch gro\u00dfe Vielfalt und stetiges Wachstum gekennzeichnet. Jede ihrer Sparten (erneuerbare Energien, \u00d6l und Gas, Kernenergie, &#8230;) entwickelt ihre Infrastrukturen mit hohen Anforderungen an die Kontinuit\u00e4t der Dienstleistungen und die Sicherheit.<\/p>\n<p style=\"font-size: 20px; font-family: Roboto; font-weight: 400; color: #ffffff;\" data-fusion-font=\"true\" data-fusion-google-font=\"Roboto\" data-fusion-google-variant=\"400\">Terakalis bietet leistungsstarke, schnelle und einfach zu implementierende L\u00f6sungen f\u00fcr die Pr\u00fcfung von nichtmetallischen Materialien, um :<\/p>\n<ul>\n<li><span style=\"font-size: 20px; line-height: 30px;\" data-fusion-font=\"true\">Die Qualit\u00e4tskontrolle<\/span><\/li>\n<li><span style=\"font-size: 20px; line-height: 30px;\" data-fusion-font=\"true\">Die \u00dcberwachung von Prozessen<\/span><\/li>\n<li><span style=\"font-size: 20px; line-height: 30px;\" data-fusion-font=\"true\">die Integrit\u00e4tsdiagnose<\/span><\/li>\n<li><span style=\"font-size: 20px; line-height: 30px;\" data-fusion-font=\"true\">Die Beobachtung des Alterns<\/span><\/li>\n<\/ul>\n<p><span style=\"font-size: 20px; font-family: Roboto; font-weight: 400; color: #ffffff;\" data-fusion-font=\"true\" data-fusion-google-font=\"Roboto\" data-fusion-google-variant=\"400\"><span style=\"line-height: 30px; font-size: 20px;\" data-fusion-font=\"true\">Eine vielseitige Technologie<\/span>, die f\u00fcr verschiedene Arten von Kontrollen und Anwendungsf\u00e4llen eingesetzt werden kann :<\/span><\/p>\n<\/div><div class=\"fusion-image-element \" style=\"text-align:center;--awb-caption-title-font-family:var(--h2_typography-font-family);--awb-caption-title-font-weight:var(--h2_typography-font-weight);--awb-caption-title-font-style:var(--h2_typography-font-style);--awb-caption-title-size:var(--h2_typography-font-size);--awb-caption-title-transform:var(--h2_typography-text-transform);--awb-caption-title-line-height:var(--h2_typography-line-height);--awb-caption-title-letter-spacing:var(--h2_typography-letter-spacing);\"><span class=\" fusion-imageframe imageframe-none imageframe-1 hover-type-none\"><img decoding=\"async\" width=\"1135\" height=\"741\" title=\"DE-sch\u00e9ma \u00e9nergie\" src=\"https:\/\/www.terakalis.com\/wp-content\/uploads\/2024\/04\/DE-schema-energie.png\" alt class=\"img-responsive wp-image-7214\" srcset=\"https:\/\/www.terakalis.com\/wp-content\/uploads\/2024\/04\/DE-schema-energie-200x131.png 200w, https:\/\/www.terakalis.com\/wp-content\/uploads\/2024\/04\/DE-schema-energie-400x261.png 400w, https:\/\/www.terakalis.com\/wp-content\/uploads\/2024\/04\/DE-schema-energie-600x392.png 600w, https:\/\/www.terakalis.com\/wp-content\/uploads\/2024\/04\/DE-schema-energie-800x522.png 800w, https:\/\/www.terakalis.com\/wp-content\/uploads\/2024\/04\/DE-schema-energie.png 1135w\" sizes=\"(max-width: 1024px) 100vw, (max-width: 640px) 100vw, 1135px\" \/><\/span><\/div><div class=\"fusion-text fusion-text-2\"><p><span style=\"color: #ffffff; font-family: Roboto;\"><span style=\"caret-color: #ffffff; font-size: 20px;\">Und mit vielen Vorteilen:<\/span><\/span><\/p>\n<\/div><div class=\"fusion-content-boxes content-boxes columns row fusion-columns-5 fusion-columns-total-5 fusion-content-boxes-1 content-boxes-clean-vertical content-left content-boxes-icon-on-top\" style=\"--awb-title-color:#ffffff;--awb-hover-accent-color:#c1c1c1;--awb-circle-hover-accent-color:#c1c1c1;\" data-animationOffset=\"top-into-view\"><div style=\"--awb-backgroundcolor:rgba(255,255,255,0);border-color:rgba(255,255,255,0);\" class=\"fusion-column content-box-column content-box-column-1 col-lg-2 col-md-2 col-sm-2 fusion-content-box-hover content-box-column-first-in-row\"><div class=\"col content-box-wrapper content-wrapper link-area-link-icon icon-hover-animation-fade\" data-animationOffset=\"top-into-view\"><div class=\"heading heading-with-icon icon-left\"><div aria-hidden=\"true\" class=\"image\"><img decoding=\"async\" src=\"https:\/\/www.terakalis.com\/wp-content\/uploads\/2024\/11\/1-Icones-site-blanc-OK.png\" width=\"132\" height=\"132\" alt=\"\" \/><\/div><h2 class=\"content-box-heading fusion-responsive-typography-calculated\" style=\"--h2_typography-font-size:20px;--fontSize:20;line-height:1.5;\">NICHT DESTRUKTIV<\/h2><\/div><\/div><\/div><div style=\"--awb-backgroundcolor:rgba(255,255,255,0);border-color:rgba(255,255,255,0);\" class=\"fusion-column content-box-column content-box-column-2 col-lg-2 col-md-2 col-sm-2 fusion-content-box-hover \"><div class=\"col content-box-wrapper content-wrapper link-area-link-icon icon-hover-animation-fade\" data-animationOffset=\"top-into-view\"><div class=\"heading heading-with-icon icon-left\"><div aria-hidden=\"true\" class=\"image\"><img decoding=\"async\" src=\"https:\/\/www.terakalis.com\/wp-content\/uploads\/2024\/11\/2-Icones-site-blanc-OK.png\" width=\"137\" height=\"132\" alt=\"\" \/><\/div><h2 class=\"content-box-heading fusion-responsive-typography-calculated\" style=\"--h2_typography-font-size:20px;--fontSize:20;line-height:1.5;\">OHNE KONTAKT<\/h2><\/div><\/div><\/div><div style=\"--awb-backgroundcolor:rgba(255,255,255,0);border-color:rgba(255,255,255,0);\" class=\"fusion-column content-box-column content-box-column-3 col-lg-2 col-md-2 col-sm-2 fusion-content-box-hover \"><div class=\"col content-box-wrapper content-wrapper link-area-link-icon icon-hover-animation-fade\" data-animationOffset=\"top-into-view\"><div class=\"heading heading-with-icon icon-left\"><div aria-hidden=\"true\" class=\"image\"><img decoding=\"async\" src=\"https:\/\/www.terakalis.com\/wp-content\/uploads\/2024\/11\/3-Icones-site-blanc-OK.png\" width=\"146\" height=\"132\" alt=\"\" \/><\/div><h2 class=\"content-box-heading fusion-responsive-typography-calculated\" style=\"--h2_typography-font-size:20px;--fontSize:20;line-height:1.5;\">OHNE GEFAHR<\/h2><\/div><\/div><\/div><div style=\"--awb-backgroundcolor:rgba(255,255,255,0);border-color:rgba(255,255,255,0);\" class=\"fusion-column content-box-column content-box-column-4 col-lg-2 col-md-2 col-sm-2 fusion-content-box-hover \"><div class=\"col content-box-wrapper content-wrapper link-area-link-icon icon-hover-animation-fade\" data-animationOffset=\"top-into-view\"><div class=\"heading heading-with-icon icon-left\"><div aria-hidden=\"true\" class=\"image\"><img decoding=\"async\" src=\"https:\/\/www.terakalis.com\/wp-content\/uploads\/2024\/11\/4-Icones-site-blanc-OK.png\" width=\"147\" height=\"132\" alt=\"\" \/><\/div><h2 class=\"content-box-heading fusion-responsive-typography-calculated\" style=\"--h2_typography-font-size:20px;--fontSize:20;line-height:1.5;\">SCHNELL<\/h2><\/div><\/div><\/div><div style=\"--awb-backgroundcolor:rgba(255,255,255,0);border-color:rgba(255,255,255,0);\" class=\"fusion-column content-box-column content-box-column-5 col-lg-2 col-md-2 col-sm-2 fusion-content-box-hover content-box-column-last content-box-column-last-in-row\"><div class=\"col content-box-wrapper content-wrapper link-area-link-icon icon-hover-animation-fade\" data-animationOffset=\"top-into-view\"><div class=\"heading heading-with-icon icon-left\"><div aria-hidden=\"true\" class=\"image\"><img decoding=\"async\" src=\"https:\/\/www.terakalis.com\/wp-content\/uploads\/2024\/11\/5-Icones-site-blanc-OK.png\" width=\"140\" height=\"132\" alt=\"\" \/><\/div><h2 class=\"content-box-heading fusion-responsive-typography-calculated\" style=\"--h2_typography-font-size:20px;--fontSize:20;line-height:1.5;\">ECHTE ZEIT<\/h2><\/div><\/div><\/div><div class=\"fusion-clearfix\"><\/div><\/div><div class=\"fusion-text fusion-text-3\"><p style=\"font-size: 20px; font-family: Roboto; font-weight: 400; color: #ffffff;\" data-fusion-font=\"true\" data-fusion-google-font=\"Roboto\" data-fusion-google-variant=\"400\"><span style=\"color: #ffffff;\">Wir bieten eine Reihe von Ger\u00e4ten an, die auf den Energiesektor zugeschnitten sind:<\/span><\/p>\n<p><span style=\"color: #ffffff;\"><span style=\"font-style: var(--awb-text-font-style); letter-spacing: var(--awb-letter-spacing); text-align: var(--awb-content-alignment); text-transform: var(--awb-text-transform); font-family: Roboto; font-size: 20px;\" data-fusion-font=\"true\" data-fusion-google-font=\"Roboto\" data-fusion-google-variant=\"400\"> \u2022 F\u00fcr das Labor: die <\/span><span style=\"font-family: var(--awb-text-font-family); font-size: var(--awb-font-size); font-style: var(--awb-text-font-style); letter-spacing: var(--awb-letter-spacing); text-align: var(--awb-content-alignment); text-transform: var(--awb-text-transform);\"><u><span style=\"font-size: 20px; font-family: Roboto;\" data-fusion-font=\"true\" data-fusion-google-font=\"Roboto\" data-fusion-google-variant=\"400\"><a style=\"color: #ffffff;\" href=\"https:\/\/www.terakalis.com\/de\/produktion-new\/\">TK-Lab-Reihe<\/a>\u00a0<\/span><\/u><\/span><span style=\"font-style: var(--awb-text-font-style); letter-spacing: var(--awb-letter-spacing); text-align: var(--awb-content-alignment); text-transform: var(--awb-text-transform); font-family: Roboto; font-size: 20px;\" data-fusion-font=\"true\" data-fusion-google-font=\"Roboto\" data-fusion-google-variant=\"400\">&#8211; Ein vielseitiges, multimodales Ger\u00e4t zur Charakterisierung, zum Verst\u00e4ndnis und zur Entwicklung neuer Prozesse\/Materialien.<\/span><\/span><br \/>\n<span style=\"color: #ffffff;\"><span style=\"font-style: var(--awb-text-font-style); letter-spacing: var(--awb-letter-spacing); text-align: var(--awb-content-alignment); text-transform: var(--awb-text-transform); font-family: Roboto; font-size: 20px;\" data-fusion-font=\"true\" data-fusion-google-font=\"Roboto\" data-fusion-google-variant=\"400\"> \u2022 F\u00fcr die Produktion: die<\/span><span style=\"font-family: var(--awb-text-font-family); font-size: var(--awb-font-size); font-style: var(--awb-text-font-style); letter-spacing: var(--awb-letter-spacing); text-align: var(--awb-content-alignment); text-transform: var(--awb-text-transform);\"><span style=\"font-family: Roboto;\"><span style=\"font-size: 20px;\"> <a style=\"color: #ffffff;\" href=\"https:\/\/www.terakalis.com\/de\/labor-new\/\"><u>TK-Line-Reihe<\/u><\/a>\u00a0<\/span><\/span><\/span><span style=\"font-style: var(--awb-text-font-style); letter-spacing: var(--awb-letter-spacing); text-align: var(--awb-content-alignment); text-transform: var(--awb-text-transform); font-family: Roboto; font-size: 20px;\" data-fusion-font=\"true\" data-fusion-google-font=\"Roboto\" data-fusion-google-variant=\"400\">&#8211; Modulare L\u00f6sungen, die je nach Betriebsumgebung integriert werden k\u00f6nnen.<\/span><\/span><br \/>\n<span style=\"color: #ffffff;\"><span style=\"font-style: var(--awb-text-font-style); letter-spacing: var(--awb-letter-spacing); text-align: var(--awb-content-alignment); text-transform: var(--awb-text-transform); font-family: Roboto; font-size: 20px;\" data-fusion-font=\"true\" data-fusion-google-font=\"Roboto\" data-fusion-google-variant=\"400\"> \u2022 F\u00fcr die Wartung: Die <\/span><span style=\"font-family: var(--awb-text-font-family); font-size: var(--awb-font-size); font-style: var(--awb-text-font-style); letter-spacing: var(--awb-letter-spacing); text-align: var(--awb-content-alignment); text-transform: var(--awb-text-transform);\"><span style=\"font-size: 20px; font-family: Roboto;\" data-fusion-font=\"true\" data-fusion-google-font=\"Roboto\" data-fusion-google-variant=\"400\"><a style=\"color: #ffffff;\" href=\"https:\/\/www.terakalis.com\/de\/instandhaltung\/\"><u>TK-Field-Reihe<\/u><\/a><\/span><\/span> <span style=\"font-style: var(--awb-text-font-style); letter-spacing: var(--awb-letter-spacing); text-align: var(--awb-content-alignment); text-transform: var(--awb-text-transform); font-family: Roboto; font-size: 20px;\" data-fusion-font=\"true\" data-fusion-google-font=\"Roboto\" data-fusion-google-variant=\"400\">&#8211; tragbare und benutzerfreundliche Ger\u00e4te, die der automatischen oder bedienergef\u00fchrten Inspektion gewidmet sind.<\/span><\/span><\/p>\n<\/div><div class=\"fusion-text fusion-text-4\"><p style=\"font-size: 20px; font-family: Roboto; font-weight: 400; color: #ffffff;\" data-fusion-font=\"true\" data-fusion-google-font=\"Roboto\" data-fusion-google-variant=\"400\">Innovative Kontrollen f\u00fcr direkte und indirekte Vorteile, die Sie t\u00e4glich bei Ihrem Streben nach Leistung und Kostensenkung begleiten.<\/p>\n<\/div><div class=\"fusion-image-element \" style=\"text-align:center;--awb-margin-top:50px;--awb-max-width:1200px;--awb-caption-title-font-family:var(--h2_typography-font-family);--awb-caption-title-font-weight:var(--h2_typography-font-weight);--awb-caption-title-font-style:var(--h2_typography-font-style);--awb-caption-title-size:var(--h2_typography-font-size);--awb-caption-title-transform:var(--h2_typography-text-transform);--awb-caption-title-line-height:var(--h2_typography-line-height);--awb-caption-title-letter-spacing:var(--h2_typography-letter-spacing);\"><span class=\" fusion-imageframe imageframe-none imageframe-2 hover-type-none\"><img decoding=\"async\" width=\"1597\" height=\"430\" title=\"Schema-energie-production\" src=\"https:\/\/www.terakalis.com\/wp-content\/uploads\/2024\/12\/Schema-energie-production-DE-1.png\" alt class=\"img-responsive wp-image-5980\" srcset=\"https:\/\/www.terakalis.com\/wp-content\/uploads\/2024\/12\/Schema-energie-production-DE-1-200x54.png 200w, https:\/\/www.terakalis.com\/wp-content\/uploads\/2024\/12\/Schema-energie-production-DE-1-400x108.png 400w, https:\/\/www.terakalis.com\/wp-content\/uploads\/2024\/12\/Schema-energie-production-DE-1-600x162.png 600w, https:\/\/www.terakalis.com\/wp-content\/uploads\/2024\/12\/Schema-energie-production-DE-1-800x215.png 800w, https:\/\/www.terakalis.com\/wp-content\/uploads\/2024\/12\/Schema-energie-production-DE-1-1200x323.png 1200w, https:\/\/www.terakalis.com\/wp-content\/uploads\/2024\/12\/Schema-energie-production-DE-1.png 1597w\" sizes=\"(max-width: 1024px) 100vw, (max-width: 640px) 100vw, 1597px\" \/><\/span><\/div><div class=\"fusion-text fusion-text-5\"><p style=\"font-size: 16px; font-family: Roboto; color: #d6d6d6; font-style: italic; text-align: center;\" data-fusion-font=\"true\" data-fusion-google-font=\"Roboto\" data-fusion-google-variant=\"italic\">Auswirkungen der Online-Produktkontrolle auf die Wertsch\u00f6pfungskette.<\/p>\n<p data-fusion-font=\"true\" data-fusion-google-font=\"Roboto\" data-fusion-google-variant=\"italic\">\n<\/div><div class=\"fusion-image-element \" style=\"text-align:center;--awb-margin-top:30px;--awb-max-width:1300px;--awb-caption-title-font-family:var(--h2_typography-font-family);--awb-caption-title-font-weight:var(--h2_typography-font-weight);--awb-caption-title-font-style:var(--h2_typography-font-style);--awb-caption-title-size:var(--h2_typography-font-size);--awb-caption-title-transform:var(--h2_typography-text-transform);--awb-caption-title-line-height:var(--h2_typography-line-height);--awb-caption-title-letter-spacing:var(--h2_typography-letter-spacing);\"><span class=\" fusion-imageframe imageframe-none imageframe-3 hover-type-none\"><img decoding=\"async\" width=\"1785\" height=\"457\" title=\"Schema-energie-maintenance\" src=\"https:\/\/www.terakalis.com\/wp-content\/uploads\/2024\/12\/Schema-energie-maintenance-DE.png\" alt class=\"img-responsive wp-image-5460\" srcset=\"https:\/\/www.terakalis.com\/wp-content\/uploads\/2024\/12\/Schema-energie-maintenance-DE-200x51.png 200w, https:\/\/www.terakalis.com\/wp-content\/uploads\/2024\/12\/Schema-energie-maintenance-DE-400x102.png 400w, https:\/\/www.terakalis.com\/wp-content\/uploads\/2024\/12\/Schema-energie-maintenance-DE-600x154.png 600w, https:\/\/www.terakalis.com\/wp-content\/uploads\/2024\/12\/Schema-energie-maintenance-DE-800x205.png 800w, https:\/\/www.terakalis.com\/wp-content\/uploads\/2024\/12\/Schema-energie-maintenance-DE-1200x307.png 1200w, https:\/\/www.terakalis.com\/wp-content\/uploads\/2024\/12\/Schema-energie-maintenance-DE.png 1785w\" sizes=\"(max-width: 1024px) 100vw, (max-width: 640px) 100vw, 1785px\" \/><\/span><\/div><div class=\"fusion-text fusion-text-6 fusion-text-no-margin\" style=\"--awb-margin-top:30px;--awb-margin-bottom:30px;\"><p style=\"font-size: 16px; font-family: Roboto; color: #c9c9c9; font-style: italic; text-align: center;\" data-fusion-font=\"true\" data-fusion-google-font=\"Roboto\" data-fusion-google-variant=\"italic\">Auswirkungen der Vor-Ort-Inspektion auf die Wertsch\u00f6pfungskette.<\/p>\n<\/div><div class=\"fusion-text fusion-text-7\"><p><span style=\"caret-color: #000000; color: #000000;\">&#8212;<\/span><\/p>\n<\/div><\/div><\/div><\/div><\/div>\n","protected":false},"excerpt":{"rendered":"","protected":false},"author":1,"featured_media":0,"parent":0,"menu_order":0,"comment_status":"closed","ping_status":"closed","template":"","meta":{"footnotes":""},"class_list":["post-4090","page","type-page","status-publish","hentry"],"yoast_head":"<!-- This site is optimized with the Yoast SEO plugin v24.4 - https:\/\/yoast.com\/wordpress\/plugins\/seo\/ -->\n<title>ENERGIE - Les Technologies TeraHertz par Terakalis<\/title>\n<meta name=\"description\" content=\"Terakalis optimiert industrielle Prozesse im Energiesektor. Mit Terahertz-Technologie erkennen Sie Defekte, pr\u00fcfen die strukturelle Integrit\u00e4t und gew\u00e4hrleisten die Materialzuverl\u00e4ssigkeit in anspruchsvollen Umgebungen.\" \/>\n<meta name=\"robots\" content=\"index, follow, max-snippet:-1, max-image-preview:large, max-video-preview:-1\" \/>\n<link rel=\"canonical\" href=\"https:\/\/www.terakalis.com\/de\/industrien-energie\/\" \/>\n<meta property=\"og:locale\" content=\"de_DE\" \/>\n<meta property=\"og:type\" content=\"article\" \/>\n<meta property=\"og:title\" content=\"ENERGIE - Les Technologies TeraHertz par Terakalis\" \/>\n<meta property=\"og:description\" content=\"Terakalis optimiert industrielle Prozesse im Energiesektor. Mit Terahertz-Technologie erkennen Sie Defekte, pr\u00fcfen die strukturelle Integrit\u00e4t und gew\u00e4hrleisten die Materialzuverl\u00e4ssigkeit in anspruchsvollen Umgebungen.\" \/>\n<meta property=\"og:url\" content=\"https:\/\/www.terakalis.com\/de\/industrien-energie\/\" \/>\n<meta property=\"og:site_name\" content=\"Les Technologies TeraHertz par Terakalis\" \/>\n<meta property=\"article:modified_time\" content=\"2025-02-13T14:51:59+00:00\" \/>\n<meta name=\"twitter:card\" content=\"summary_large_image\" \/>\n<meta name=\"twitter:label1\" content=\"Gesch\u00e4tzte Lesezeit\" \/>\n\t<meta name=\"twitter:data1\" content=\"3\u00a0Minuten\" \/>\n<script type=\"application\/ld+json\" class=\"yoast-schema-graph\">{\"@context\":\"https:\/\/schema.org\",\"@graph\":[{\"@type\":\"WebPage\",\"@id\":\"https:\/\/www.terakalis.com\/de\/industrien-energie\/\",\"url\":\"https:\/\/www.terakalis.com\/de\/industrien-energie\/\",\"name\":\"ENERGIE - Les Technologies TeraHertz par Terakalis\",\"isPartOf\":{\"@id\":\"https:\/\/www.terakalis.com\/de\/#website\"},\"datePublished\":\"2022-08-10T09:40:45+00:00\",\"dateModified\":\"2025-02-13T14:51:59+00:00\",\"description\":\"Terakalis optimiert industrielle Prozesse im Energiesektor. Mit Terahertz-Technologie erkennen Sie Defekte, pr\u00fcfen die strukturelle Integrit\u00e4t und gew\u00e4hrleisten die Materialzuverl\u00e4ssigkeit in anspruchsvollen Umgebungen.\",\"breadcrumb\":{\"@id\":\"https:\/\/www.terakalis.com\/de\/industrien-energie\/#breadcrumb\"},\"inLanguage\":\"de\",\"potentialAction\":[{\"@type\":\"ReadAction\",\"target\":[\"https:\/\/www.terakalis.com\/de\/industrien-energie\/\"]}]},{\"@type\":\"BreadcrumbList\",\"@id\":\"https:\/\/www.terakalis.com\/de\/industrien-energie\/#breadcrumb\",\"itemListElement\":[{\"@type\":\"ListItem\",\"position\":1,\"name\":\"Accueil\",\"item\":\"https:\/\/www.terakalis.com\/de\/\"},{\"@type\":\"ListItem\",\"position\":2,\"name\":\"ENERGIE\"}]},{\"@type\":\"WebSite\",\"@id\":\"https:\/\/www.terakalis.com\/de\/#website\",\"url\":\"https:\/\/www.terakalis.com\/de\/\",\"name\":\"Les Technologies TeraHertz par Terakalis\",\"description\":\"Analyse et contr\u00f4le au coeur de la mati\u00e8re\",\"potentialAction\":[{\"@type\":\"SearchAction\",\"target\":{\"@type\":\"EntryPoint\",\"urlTemplate\":\"https:\/\/www.terakalis.com\/de\/?s={search_term_string}\"},\"query-input\":{\"@type\":\"PropertyValueSpecification\",\"valueRequired\":true,\"valueName\":\"search_term_string\"}}],\"inLanguage\":\"de\"}]}<\/script>\n<!-- \/ Yoast SEO plugin. -->","yoast_head_json":{"title":"ENERGIE - Les Technologies TeraHertz par Terakalis","description":"Terakalis optimiert industrielle Prozesse im Energiesektor. Mit Terahertz-Technologie erkennen Sie Defekte, pr\u00fcfen die strukturelle Integrit\u00e4t und gew\u00e4hrleisten die Materialzuverl\u00e4ssigkeit in anspruchsvollen Umgebungen.","robots":{"index":"index","follow":"follow","max-snippet":"max-snippet:-1","max-image-preview":"max-image-preview:large","max-video-preview":"max-video-preview:-1"},"canonical":"https:\/\/www.terakalis.com\/de\/industrien-energie\/","og_locale":"de_DE","og_type":"article","og_title":"ENERGIE - Les Technologies TeraHertz par Terakalis","og_description":"Terakalis optimiert industrielle Prozesse im Energiesektor. Mit Terahertz-Technologie erkennen Sie Defekte, pr\u00fcfen die strukturelle Integrit\u00e4t und gew\u00e4hrleisten die Materialzuverl\u00e4ssigkeit in anspruchsvollen Umgebungen.","og_url":"https:\/\/www.terakalis.com\/de\/industrien-energie\/","og_site_name":"Les Technologies TeraHertz par Terakalis","article_modified_time":"2025-02-13T14:51:59+00:00","twitter_card":"summary_large_image","twitter_misc":{"Gesch\u00e4tzte Lesezeit":"3\u00a0Minuten"},"schema":{"@context":"https:\/\/schema.org","@graph":[{"@type":"WebPage","@id":"https:\/\/www.terakalis.com\/de\/industrien-energie\/","url":"https:\/\/www.terakalis.com\/de\/industrien-energie\/","name":"ENERGIE - Les Technologies TeraHertz par Terakalis","isPartOf":{"@id":"https:\/\/www.terakalis.com\/de\/#website"},"datePublished":"2022-08-10T09:40:45+00:00","dateModified":"2025-02-13T14:51:59+00:00","description":"Terakalis optimiert industrielle Prozesse im Energiesektor. Mit Terahertz-Technologie erkennen Sie Defekte, pr\u00fcfen die strukturelle Integrit\u00e4t und gew\u00e4hrleisten die Materialzuverl\u00e4ssigkeit in anspruchsvollen Umgebungen.","breadcrumb":{"@id":"https:\/\/www.terakalis.com\/de\/industrien-energie\/#breadcrumb"},"inLanguage":"de","potentialAction":[{"@type":"ReadAction","target":["https:\/\/www.terakalis.com\/de\/industrien-energie\/"]}]},{"@type":"BreadcrumbList","@id":"https:\/\/www.terakalis.com\/de\/industrien-energie\/#breadcrumb","itemListElement":[{"@type":"ListItem","position":1,"name":"Accueil","item":"https:\/\/www.terakalis.com\/de\/"},{"@type":"ListItem","position":2,"name":"ENERGIE"}]},{"@type":"WebSite","@id":"https:\/\/www.terakalis.com\/de\/#website","url":"https:\/\/www.terakalis.com\/de\/","name":"Les Technologies TeraHertz par Terakalis","description":"Analyse et contr\u00f4le au coeur de la mati\u00e8re","potentialAction":[{"@type":"SearchAction","target":{"@type":"EntryPoint","urlTemplate":"https:\/\/www.terakalis.com\/de\/?s={search_term_string}"},"query-input":{"@type":"PropertyValueSpecification","valueRequired":true,"valueName":"search_term_string"}}],"inLanguage":"de"}]}},"_links":{"self":[{"href":"https:\/\/www.terakalis.com\/de\/wp-json\/wp\/v2\/pages\/4090","targetHints":{"allow":["GET"]}}],"collection":[{"href":"https:\/\/www.terakalis.com\/de\/wp-json\/wp\/v2\/pages"}],"about":[{"href":"https:\/\/www.terakalis.com\/de\/wp-json\/wp\/v2\/types\/page"}],"author":[{"embeddable":true,"href":"https:\/\/www.terakalis.com\/de\/wp-json\/wp\/v2\/users\/1"}],"replies":[{"embeddable":true,"href":"https:\/\/www.terakalis.com\/de\/wp-json\/wp\/v2\/comments?post=4090"}],"version-history":[{"count":68,"href":"https:\/\/www.terakalis.com\/de\/wp-json\/wp\/v2\/pages\/4090\/revisions"}],"predecessor-version":[{"id":8536,"href":"https:\/\/www.terakalis.com\/de\/wp-json\/wp\/v2\/pages\/4090\/revisions\/8536"}],"wp:attachment":[{"href":"https:\/\/www.terakalis.com\/de\/wp-json\/wp\/v2\/media?parent=4090"}],"curies":[{"name":"wp","href":"https:\/\/api.w.org\/{rel}","templated":true}]}}