{"id":4062,"date":"2022-08-10T11:43:16","date_gmt":"2022-08-10T09:43:16","guid":{"rendered":"https:\/\/www.terakalis.com\/produktangebot\/"},"modified":"2025-02-13T17:13:59","modified_gmt":"2025-02-13T15:13:59","slug":"produkte","status":"publish","type":"page","link":"https:\/\/www.terakalis.com\/de\/produkte\/","title":{"rendered":"PRODUKTE"},"content":{"rendered":"<p><div class=\"fusion-fullwidth fullwidth-box fusion-builder-row-1 fusion-flex-container has-pattern-background has-mask-background nonhundred-percent-fullwidth non-hundred-percent-height-scrolling\" style=\"--awb-border-radius-top-left:0px;--awb-border-radius-top-right:0px;--awb-border-radius-bottom-right:0px;--awb-border-radius-bottom-left:0px;--awb-padding-top:26px;--awb-flex-wrap:wrap;\" ><div class=\"fusion-builder-row fusion-row fusion-flex-align-items-flex-start fusion-flex-content-wrap\" style=\"max-width:1872px;margin-left: calc(-4% \/ 2 );margin-right: calc(-4% \/ 2 );\"><div class=\"fusion-layout-column fusion_builder_column fusion-builder-column-0 fusion_builder_column_1_1 1_1 fusion-flex-column\" style=\"--awb-bg-size:cover;--awb-width-large:100%;--awb-margin-top-large:0px;--awb-spacing-right-large:1.92%;--awb-margin-bottom-large:-70px;--awb-spacing-left-large:1.92%;--awb-width-medium:100%;--awb-order-medium:0;--awb-spacing-right-medium:1.92%;--awb-spacing-left-medium:1.92%;--awb-width-small:100%;--awb-order-small:0;--awb-spacing-right-small:1.92%;--awb-spacing-left-small:1.92%;\"><div class=\"fusion-column-wrapper fusion-column-has-shadow fusion-flex-justify-content-flex-start fusion-content-layout-column\"><div class=\"fusion-title title fusion-title-1 fusion-sep-none fusion-title-center fusion-title-text fusion-title-size-one\" style=\"--awb-text-color:#ffffff;--awb-font-size:30px;\"><h1 class=\"fusion-title-heading title-heading-center fusion-responsive-typography-calculated\" style=\"font-family:&quot;Roboto&quot;;font-style:normal;font-weight:400;margin:0;font-size:1em;--fontSize:30;line-height:1.4;\">PRODUKTE<\/h1><\/div><div class=\"fusion-title title fusion-title-2 fusion-sep-none fusion-title-center fusion-title-text fusion-title-size-one\" style=\"--awb-text-color:#a3a3a3;--awb-margin-top:-20px;--awb-font-size:20px;\"><h1 class=\"fusion-title-heading title-heading-center fusion-responsive-typography-calculated\" style=\"font-family:&quot;Roboto&quot;;font-style:normal;font-weight:400;margin:0;font-size:1em;--fontSize:20;--minFontSize:20;line-height:1.4;\">An den industriellen Bedarf angepasste Ausr\u00fcstungen<\/h1><\/div><div class=\"fusion-separator\" style=\"align-self: center;margin-left: auto;margin-right: auto;margin-bottom:20px;width:100%;max-width:200px;\"><div class=\"fusion-separator-border sep-single sep-solid\" style=\"--awb-height:20px;--awb-amount:20px;--awb-sep-color:#0bbcff;border-color:#0bbcff;border-top-width:10px;\"><\/div><\/div><div class=\"fusion-title title fusion-title-3 fusion-sep-none fusion-title-text fusion-title-size-one\" style=\"--awb-text-color:#ffffff;--awb-font-size:20px;\"><h1 class=\"fusion-title-heading title-heading-left fusion-responsive-typography-calculated\" style=\"font-family:&quot;Roboto&quot;;font-style:normal;font-weight:400;margin:0;font-size:1em;--fontSize:20;--minFontSize:20;line-height:1.5;\"><span style=\"font-family: Roboto; font-weight: 400;\" data-fusion-font=\"true\" data-fusion-google-font=\"Roboto\" data-fusion-google-variant=\"400\">Unsere Engineering-Kapazit\u00e4ten (Ma\u00dfanfertigungen, Prototypen) in Kombination mit der Vielseitigkeit der Technologie erm\u00f6glichen es uns, drei Produktreihen anzubieten, die auf Ihr Betriebsumfeld zugeschnitten sind.<\/span><\/h1><\/div><div class=\"fusion-content-boxes content-boxes columns row fusion-columns-3 fusion-columns-total-3 fusion-content-boxes-1 content-boxes-clean-vertical content-left content-boxes-icon-on-top\" style=\"--awb-title-color:#ffffff;--awb-margin-bottom:-20px;--awb-hover-accent-color:#0bbcff;--awb-circle-hover-accent-color:#0bbcff;\" data-animationOffset=\"top-into-view\"><div style=\"--awb-backgroundcolor:rgba(255,255,255,0);border-color:rgba(255,255,255,0);\" class=\"fusion-column content-box-column content-box-column content-box-column-1 col-lg-4 col-md-4 col-sm-4 fusion-content-box-hover content-box-column-first-in-row\"><div class=\"col content-box-wrapper content-wrapper link-area-link-icon link-type-text icon-hover-animation-fade fusion-animated\" data-animationType=\"zoomInLeft\" data-animationDuration=\"0.3\" data-animationOffset=\"top-into-view\"><div class=\"heading heading-with-icon icon-left\"><a class=\"heading-link\" href=\"https:\/\/www.terakalis.com\/de\/produktion-new\/\" target=\"_self\"><div aria-hidden=\"true\" class=\"image\"><img decoding=\"async\" src=\"https:\/\/www.terakalis.com\/wp-content\/uploads\/2023\/12\/TK-Lab-300x400-1.png\" width=\"300\" height=\"400\" alt=\"\" \/><\/div><h2 class=\"content-box-heading fusion-responsive-typography-calculated\" style=\"--h2_typography-font-size:20px;--fontSize:20;line-height:1.5;\">LABOR TK-Lab<\/h2><\/a><\/div><\/div><\/div><div style=\"--awb-backgroundcolor:rgba(255,255,255,0);border-color:rgba(255,255,255,0);\" class=\"fusion-column content-box-column content-box-column content-box-column-2 col-lg-4 col-md-4 col-sm-4 fusion-content-box-hover \"><div class=\"col content-box-wrapper content-wrapper link-area-link-icon link-type-text icon-hover-animation-fade fusion-animated\" data-animationType=\"zoomInLeft\" data-animationDuration=\"0.3\" data-animationOffset=\"top-into-view\"><div class=\"heading heading-with-icon icon-left\"><a class=\"heading-link\" href=\"https:\/\/www.terakalis.com\/de\/labor-new\/\" target=\"_self\"><div aria-hidden=\"true\" class=\"image\"><img decoding=\"async\" src=\"https:\/\/www.terakalis.com\/wp-content\/uploads\/2024\/03\/TK-Line-300x400-NEW-1.png\" width=\"300\" height=\"400\" alt=\"\" \/><\/div><h2 class=\"content-box-heading fusion-responsive-typography-calculated\" style=\"--h2_typography-font-size:20px;--fontSize:20;line-height:1.5;\">PRODUKTION TK-Line<\/h2><\/a><\/div><\/div><\/div><div style=\"--awb-backgroundcolor:rgba(255,255,255,0);border-color:rgba(255,255,255,0);\" class=\"fusion-column content-box-column content-box-column content-box-column-3 col-lg-4 col-md-4 col-sm-4 fusion-content-box-hover content-box-column-last content-box-column-last-in-row\"><div class=\"col content-box-wrapper content-wrapper link-area-link-icon link-type-text icon-hover-animation-fade fusion-animated\" data-animationType=\"zoomInLeft\" data-animationDuration=\"0.3\" data-animationOffset=\"top-into-view\"><div class=\"heading heading-with-icon icon-left\"><a class=\"heading-link\" href=\"https:\/\/www.terakalis.com\/de\/instandhaltung\/\" target=\"_self\"><div aria-hidden=\"true\" class=\"image\"><img decoding=\"async\" src=\"https:\/\/www.terakalis.com\/wp-content\/uploads\/2023\/12\/TK-Field-300x400-1.png\" width=\"300\" height=\"400\" alt=\"\" \/><\/div><h2 class=\"content-box-heading fusion-responsive-typography-calculated\" style=\"--h2_typography-font-size:20px;--fontSize:20;line-height:1.5;\">INSTANDHALTUNG TK-Field<\/h2><\/a><\/div><\/div><\/div><div class=\"fusion-clearfix\"><\/div><\/div><div class=\"fusion-title title fusion-title-4 fusion-sep-none fusion-title-text fusion-title-size-one\" style=\"--awb-text-color:#ffffff;--awb-font-size:20px;\"><h1 class=\"fusion-title-heading title-heading-left fusion-responsive-typography-calculated\" style=\"font-family:&quot;Roboto&quot;;font-style:normal;font-weight:400;margin:0;font-size:1em;--fontSize:20;--minFontSize:20;line-height:1.5;\"><span style=\"font-family: Roboto; font-weight: 400;\" data-fusion-font=\"true\" data-fusion-google-font=\"Roboto\" data-fusion-google-variant=\"400\">Jedes Terakalis-Ger\u00e4t wird von der Software TK-Lyzer gesteuert, die von unseren Experten entwickelt wurde. Es erm\u00f6glicht die automatische Verarbeitung von Daten in Echtzeit und bietet durch eine einfache und effiziente Visualisierung Unterst\u00fctzung bei der Entscheidungsfindung. Au\u00dferdem bietet es die M\u00f6glichkeit, r\u00fcckwirkend auf die Prozesssteuerung einzuwirken.<\/span><\/h1><\/div><\/div><\/div><\/div><\/div><div class=\"fusion-fullwidth fullwidth-box fusion-builder-row-2 fusion-flex-container has-pattern-background has-mask-background nonhundred-percent-fullwidth non-hundred-percent-height-scrolling\" style=\"--awb-border-radius-top-left:0px;--awb-border-radius-top-right:0px;--awb-border-radius-bottom-right:0px;--awb-border-radius-bottom-left:0px;--awb-padding-top:78px;--awb-flex-wrap:wrap;\" ><div class=\"fusion-builder-row fusion-row fusion-flex-align-items-flex-start fusion-flex-content-wrap\" style=\"max-width:1872px;margin-left: calc(-4% \/ 2 );margin-right: calc(-4% \/ 2 );\"><div class=\"fusion-layout-column fusion_builder_column fusion-builder-column-1 fusion_builder_column_1_2 1_2 fusion-flex-column\" style=\"--awb-bg-size:cover;--awb-width-large:50%;--awb-margin-top-large:30px;--awb-spacing-right-large:3.84%;--awb-margin-bottom-large:20px;--awb-spacing-left-large:3.84%;--awb-width-medium:100%;--awb-order-medium:0;--awb-spacing-right-medium:1.92%;--awb-spacing-left-medium:1.92%;--awb-width-small:100%;--awb-order-small:0;--awb-spacing-right-small:1.92%;--awb-spacing-left-small:1.92%;\"><div class=\"fusion-column-wrapper fusion-column-has-shadow fusion-flex-justify-content-flex-start fusion-content-layout-column\"><div class=\"fusion-image-element \" style=\"text-align:right;--awb-caption-title-font-family:var(--h2_typography-font-family);--awb-caption-title-font-weight:var(--h2_typography-font-weight);--awb-caption-title-font-style:var(--h2_typography-font-style);--awb-caption-title-size:var(--h2_typography-font-size);--awb-caption-title-transform:var(--h2_typography-text-transform);--awb-caption-title-line-height:var(--h2_typography-line-height);--awb-caption-title-letter-spacing:var(--h2_typography-letter-spacing);\"><span class=\" fusion-imageframe imageframe-none imageframe-1 hover-type-none\"><img decoding=\"async\" width=\"556\" height=\"327\" title=\"logiciel-NEW-2\" src=\"https:\/\/www.terakalis.com\/wp-content\/uploads\/2024\/01\/logiciel-NEW-2.png\" alt class=\"img-responsive wp-image-6174\" srcset=\"https:\/\/www.terakalis.com\/wp-content\/uploads\/2024\/01\/logiciel-NEW-2-200x118.png 200w, https:\/\/www.terakalis.com\/wp-content\/uploads\/2024\/01\/logiciel-NEW-2-400x235.png 400w, https:\/\/www.terakalis.com\/wp-content\/uploads\/2024\/01\/logiciel-NEW-2.png 556w\" sizes=\"(max-width: 1024px) 100vw, (max-width: 640px) 100vw, 556px\" \/><\/span><\/div><\/div><\/div><div class=\"fusion-layout-column fusion_builder_column fusion-builder-column-2 fusion_builder_column_1_2 1_2 fusion-flex-column\" style=\"--awb-bg-size:cover;--awb-width-large:50%;--awb-margin-top-large:30px;--awb-spacing-right-large:3.84%;--awb-margin-bottom-large:20px;--awb-spacing-left-large:3.84%;--awb-width-medium:100%;--awb-order-medium:0;--awb-spacing-right-medium:1.92%;--awb-spacing-left-medium:1.92%;--awb-width-small:100%;--awb-order-small:0;--awb-spacing-right-small:1.92%;--awb-spacing-left-small:1.92%;\"><div class=\"fusion-column-wrapper fusion-column-has-shadow fusion-flex-justify-content-flex-start fusion-content-layout-column\"><div class=\"fusion-text fusion-text-1\"><ul>\n<li><span style=\"font-size: 20px; line-height: 45px; color: #ffffff;\" data-fusion-font=\"true\">\u2022 Kalibrierung<\/span><\/li>\n<li><span style=\"font-size: 20px; line-height: 45px; color: #ffffff;\" data-fusion-font=\"true\">\u2022 Erfassen von Daten<\/span><\/li>\n<li><span style=\"font-size: 20px; line-height: 45px; color: #ffffff;\" data-fusion-font=\"true\">\u2022 Verarbeitung von Daten<\/span><\/li>\n<li><span style=\"font-size: 20px; line-height: 45px; color: #ffffff;\" data-fusion-font=\"true\">\u2022 2D\/3D-Visualisierung der Ergebnisse, Bilder<\/span><\/li>\n<li><span style=\"font-size: 20px; line-height: 45px; color: #ffffff;\" data-fusion-font=\"true\">\u2022 Hilfe beim Dolmetschen<\/span><\/li>\n<li><span style=\"font-size: 20px; line-height: 45px; color: #ffffff;\" data-fusion-font=\"true\">\u2022 Daten exportieren<\/span><\/li>\n<li><span style=\"font-size: 20px; line-height: 45px; color: #ffffff;\" data-fusion-font=\"true\">\u2022 Selbstdiagnose<\/span><\/li>\n<\/ul>\n<\/div><\/div><\/div><\/div><\/div><div class=\"fusion-fullwidth fullwidth-box fusion-builder-row-3 fusion-flex-container has-pattern-background has-mask-background nonhundred-percent-fullwidth non-hundred-percent-height-scrolling\" style=\"--awb-border-radius-top-left:0px;--awb-border-radius-top-right:0px;--awb-border-radius-bottom-right:0px;--awb-border-radius-bottom-left:0px;--awb-flex-wrap:wrap;\" ><div class=\"fusion-builder-row fusion-row fusion-flex-align-items-flex-start fusion-flex-content-wrap\" style=\"max-width:1872px;margin-left: calc(-4% \/ 2 );margin-right: calc(-4% \/ 2 );\"><div class=\"fusion-layout-column fusion_builder_column fusion-builder-column-3 fusion_builder_column_1_1 1_1 fusion-flex-column\" style=\"--awb-bg-size:cover;--awb-width-large:100%;--awb-margin-top-large:0px;--awb-spacing-right-large:1.92%;--awb-margin-bottom-large:20px;--awb-spacing-left-large:1.92%;--awb-width-medium:100%;--awb-order-medium:0;--awb-spacing-right-medium:1.92%;--awb-spacing-left-medium:1.92%;--awb-width-small:100%;--awb-order-small:0;--awb-spacing-right-small:1.92%;--awb-spacing-left-small:1.92%;\"><div class=\"fusion-column-wrapper fusion-column-has-shadow fusion-flex-justify-content-flex-start fusion-content-layout-column\"><div class=\"fusion-text fusion-text-2\"><p style=\"font-family: Roboto; letter-spacing: var(--awb-letter-spacing); text-align: var(--awb-content-alignment); text-transform: var(--awb-text-transform); font-size: 20px; font-weight: bold;\" data-fusion-font=\"true\" data-fusion-google-font=\"Roboto\" data-fusion-google-variant=\"700\"><span style=\"color: #ffffff;\">Erweiterte Funktionen :<\/span><\/p>\n<p style=\"font-family: var(--awb-text-font-family); font-style: var(--awb-text-font-style); letter-spacing: var(--awb-letter-spacing); text-align: var(--awb-content-alignment); text-transform: var(--awb-text-transform); font-size: 20px;\" data-fusion-font=\"true\"><span style=\"color: #ffffff;\">Unser Expertenteam kann Sie auf Wunsch begleiten, um die Funktionen der Software an Ihre betrieblichen Bed\u00fcrfnisse anzupassen, wie z. B. :<\/span><\/p>\n<ul>\n<li><span style=\"font-family: var(--awb-text-font-family); font-style: var(--awb-text-font-style); letter-spacing: var(--awb-letter-spacing); text-align: var(--awb-content-alignment); text-transform: var(--awb-text-transform); font-size: 20px; color: #ffffff;\" data-fusion-font=\"true\">\u2022 Automatische Verarbeitung,<\/span><\/li>\n<li><span style=\"font-family: var(--awb-text-font-family); font-style: var(--awb-text-font-style); letter-spacing: var(--awb-letter-spacing); text-align: var(--awb-content-alignment); text-transform: var(--awb-text-transform); font-size: 20px; color: #ffffff;\" data-fusion-font=\"true\">\u2022 Lernen mit k\u00fcnstlicher Intelligenz, um eine Fehlerbibliothek zu erstellen,<\/span><\/li>\n<li><span style=\"font-family: var(--awb-text-font-family); font-style: var(--awb-text-font-style); letter-spacing: var(--awb-letter-spacing); text-align: var(--awb-content-alignment); text-transform: var(--awb-text-transform); font-size: 20px; color: #ffffff;\" data-fusion-font=\"true\">\u2022 Personalisierte grafische Benutzeroberfl\u00e4che,<\/span><\/li>\n<li><span style=\"font-family: var(--awb-text-font-family); font-style: var(--awb-text-font-style); letter-spacing: var(--awb-letter-spacing); text-align: var(--awb-content-alignment); text-transform: var(--awb-text-transform); font-size: 20px; color: #ffffff;\" data-fusion-font=\"true\">\u2022 Fusion von Multi-Sensor-Daten (IR, Sichtbar &#8230;)<\/span><\/li>\n<\/ul>\n<\/div><\/div><\/div><\/div><\/div><\/p>\n","protected":false},"excerpt":{"rendered":"","protected":false},"author":1,"featured_media":0,"parent":0,"menu_order":0,"comment_status":"closed","ping_status":"closed","template":"","meta":{"footnotes":""},"class_list":["post-4062","page","type-page","status-publish","hentry"],"yoast_head":"<!-- This site is optimized with the Yoast SEO plugin v24.4 - https:\/\/yoast.com\/wordpress\/plugins\/seo\/ -->\n<title>PRODUKTE - Les Technologies TeraHertz par Terakalis<\/title>\n<meta name=\"description\" content=\"Terakalis bietet drei Produktlinien mit Terahertz-Technologie: Laborausr\u00fcstung f\u00fcr F&amp;E, integrierte Systeme f\u00fcr die Produktion und tragbare L\u00f6sungen f\u00fcr die Wartung. Entdecken Sie unsere zerst\u00f6rungsfreien Pr\u00fcftechnologien.\" \/>\n<meta name=\"robots\" content=\"index, follow, max-snippet:-1, max-image-preview:large, max-video-preview:-1\" \/>\n<link rel=\"canonical\" href=\"https:\/\/www.terakalis.com\/de\/produkte\/\" \/>\n<meta property=\"og:locale\" content=\"de_DE\" \/>\n<meta property=\"og:type\" content=\"article\" \/>\n<meta property=\"og:title\" content=\"PRODUKTE - Les Technologies TeraHertz par Terakalis\" \/>\n<meta property=\"og:description\" content=\"Terakalis bietet drei Produktlinien mit Terahertz-Technologie: Laborausr\u00fcstung f\u00fcr F&amp;E, integrierte Systeme f\u00fcr die Produktion und tragbare L\u00f6sungen f\u00fcr die Wartung. Entdecken Sie unsere zerst\u00f6rungsfreien Pr\u00fcftechnologien.\" \/>\n<meta property=\"og:url\" content=\"https:\/\/www.terakalis.com\/de\/produkte\/\" \/>\n<meta property=\"og:site_name\" content=\"Les Technologies TeraHertz par Terakalis\" \/>\n<meta property=\"article:modified_time\" content=\"2025-02-13T15:13:59+00:00\" \/>\n<meta name=\"twitter:card\" content=\"summary_large_image\" \/>\n<meta name=\"twitter:label1\" content=\"Gesch\u00e4tzte Lesezeit\" \/>\n\t<meta name=\"twitter:data1\" content=\"2\u00a0Minuten\" \/>\n<script type=\"application\/ld+json\" class=\"yoast-schema-graph\">{\"@context\":\"https:\/\/schema.org\",\"@graph\":[{\"@type\":\"WebPage\",\"@id\":\"https:\/\/www.terakalis.com\/de\/produkte\/\",\"url\":\"https:\/\/www.terakalis.com\/de\/produkte\/\",\"name\":\"PRODUKTE - Les Technologies TeraHertz par Terakalis\",\"isPartOf\":{\"@id\":\"https:\/\/www.terakalis.com\/de\/#website\"},\"datePublished\":\"2022-08-10T09:43:16+00:00\",\"dateModified\":\"2025-02-13T15:13:59+00:00\",\"description\":\"Terakalis bietet drei Produktlinien mit Terahertz-Technologie: Laborausr\u00fcstung f\u00fcr F&E, integrierte Systeme f\u00fcr die Produktion und tragbare L\u00f6sungen f\u00fcr die Wartung. Entdecken Sie unsere zerst\u00f6rungsfreien Pr\u00fcftechnologien.\",\"breadcrumb\":{\"@id\":\"https:\/\/www.terakalis.com\/de\/produkte\/#breadcrumb\"},\"inLanguage\":\"de\",\"potentialAction\":[{\"@type\":\"ReadAction\",\"target\":[\"https:\/\/www.terakalis.com\/de\/produkte\/\"]}]},{\"@type\":\"BreadcrumbList\",\"@id\":\"https:\/\/www.terakalis.com\/de\/produkte\/#breadcrumb\",\"itemListElement\":[{\"@type\":\"ListItem\",\"position\":1,\"name\":\"Accueil\",\"item\":\"https:\/\/www.terakalis.com\/de\/\"},{\"@type\":\"ListItem\",\"position\":2,\"name\":\"PRODUKTE\"}]},{\"@type\":\"WebSite\",\"@id\":\"https:\/\/www.terakalis.com\/de\/#website\",\"url\":\"https:\/\/www.terakalis.com\/de\/\",\"name\":\"Les Technologies TeraHertz par Terakalis\",\"description\":\"Analyse et contr\u00f4le au coeur de la mati\u00e8re\",\"potentialAction\":[{\"@type\":\"SearchAction\",\"target\":{\"@type\":\"EntryPoint\",\"urlTemplate\":\"https:\/\/www.terakalis.com\/de\/?s={search_term_string}\"},\"query-input\":{\"@type\":\"PropertyValueSpecification\",\"valueRequired\":true,\"valueName\":\"search_term_string\"}}],\"inLanguage\":\"de\"}]}<\/script>\n<!-- \/ Yoast SEO plugin. -->","yoast_head_json":{"title":"PRODUKTE - Les Technologies TeraHertz par Terakalis","description":"Terakalis bietet drei Produktlinien mit Terahertz-Technologie: Laborausr\u00fcstung f\u00fcr F&E, integrierte Systeme f\u00fcr die Produktion und tragbare L\u00f6sungen f\u00fcr die Wartung. Entdecken Sie unsere zerst\u00f6rungsfreien Pr\u00fcftechnologien.","robots":{"index":"index","follow":"follow","max-snippet":"max-snippet:-1","max-image-preview":"max-image-preview:large","max-video-preview":"max-video-preview:-1"},"canonical":"https:\/\/www.terakalis.com\/de\/produkte\/","og_locale":"de_DE","og_type":"article","og_title":"PRODUKTE - Les Technologies TeraHertz par Terakalis","og_description":"Terakalis bietet drei Produktlinien mit Terahertz-Technologie: Laborausr\u00fcstung f\u00fcr F&E, integrierte Systeme f\u00fcr die Produktion und tragbare L\u00f6sungen f\u00fcr die Wartung. Entdecken Sie unsere zerst\u00f6rungsfreien Pr\u00fcftechnologien.","og_url":"https:\/\/www.terakalis.com\/de\/produkte\/","og_site_name":"Les Technologies TeraHertz par Terakalis","article_modified_time":"2025-02-13T15:13:59+00:00","twitter_card":"summary_large_image","twitter_misc":{"Gesch\u00e4tzte Lesezeit":"2\u00a0Minuten"},"schema":{"@context":"https:\/\/schema.org","@graph":[{"@type":"WebPage","@id":"https:\/\/www.terakalis.com\/de\/produkte\/","url":"https:\/\/www.terakalis.com\/de\/produkte\/","name":"PRODUKTE - Les Technologies TeraHertz par Terakalis","isPartOf":{"@id":"https:\/\/www.terakalis.com\/de\/#website"},"datePublished":"2022-08-10T09:43:16+00:00","dateModified":"2025-02-13T15:13:59+00:00","description":"Terakalis bietet drei Produktlinien mit Terahertz-Technologie: Laborausr\u00fcstung f\u00fcr F&E, integrierte Systeme f\u00fcr die Produktion und tragbare L\u00f6sungen f\u00fcr die Wartung. Entdecken Sie unsere zerst\u00f6rungsfreien Pr\u00fcftechnologien.","breadcrumb":{"@id":"https:\/\/www.terakalis.com\/de\/produkte\/#breadcrumb"},"inLanguage":"de","potentialAction":[{"@type":"ReadAction","target":["https:\/\/www.terakalis.com\/de\/produkte\/"]}]},{"@type":"BreadcrumbList","@id":"https:\/\/www.terakalis.com\/de\/produkte\/#breadcrumb","itemListElement":[{"@type":"ListItem","position":1,"name":"Accueil","item":"https:\/\/www.terakalis.com\/de\/"},{"@type":"ListItem","position":2,"name":"PRODUKTE"}]},{"@type":"WebSite","@id":"https:\/\/www.terakalis.com\/de\/#website","url":"https:\/\/www.terakalis.com\/de\/","name":"Les Technologies TeraHertz par Terakalis","description":"Analyse et contr\u00f4le au coeur de la mati\u00e8re","potentialAction":[{"@type":"SearchAction","target":{"@type":"EntryPoint","urlTemplate":"https:\/\/www.terakalis.com\/de\/?s={search_term_string}"},"query-input":{"@type":"PropertyValueSpecification","valueRequired":true,"valueName":"search_term_string"}}],"inLanguage":"de"}]}},"_links":{"self":[{"href":"https:\/\/www.terakalis.com\/de\/wp-json\/wp\/v2\/pages\/4062","targetHints":{"allow":["GET"]}}],"collection":[{"href":"https:\/\/www.terakalis.com\/de\/wp-json\/wp\/v2\/pages"}],"about":[{"href":"https:\/\/www.terakalis.com\/de\/wp-json\/wp\/v2\/types\/page"}],"author":[{"embeddable":true,"href":"https:\/\/www.terakalis.com\/de\/wp-json\/wp\/v2\/users\/1"}],"replies":[{"embeddable":true,"href":"https:\/\/www.terakalis.com\/de\/wp-json\/wp\/v2\/comments?post=4062"}],"version-history":[{"count":54,"href":"https:\/\/www.terakalis.com\/de\/wp-json\/wp\/v2\/pages\/4062\/revisions"}],"predecessor-version":[{"id":8310,"href":"https:\/\/www.terakalis.com\/de\/wp-json\/wp\/v2\/pages\/4062\/revisions\/8310"}],"wp:attachment":[{"href":"https:\/\/www.terakalis.com\/de\/wp-json\/wp\/v2\/media?parent=4062"}],"curies":[{"name":"wp","href":"https:\/\/api.w.org\/{rel}","templated":true}]}}